{"id":107,"date":"2023-08-09T11:02:26","date_gmt":"2023-08-09T11:02:26","guid":{"rendered":"https:\/\/bonici-sculpture.com\/?page_id=107"},"modified":"2023-08-24T14:16:40","modified_gmt":"2023-08-24T14:16:40","slug":"ancien-ii","status":"publish","type":"page","link":"https:\/\/bonici-sculpture.com\/index.php\/ancien-ii\/","title":{"rendered":"Ancien II"},"content":{"rendered":"\t\t<div data-elementor-type=\"wp-page\" data-elementor-id=\"107\" class=\"elementor elementor-107\">\n\t\t\t\t\t\t<section class=\"elementor-section elementor-top-section elementor-element elementor-element-8fa35e1 elementor-section-boxed elementor-section-height-default elementor-section-height-default\" data-id=\"8fa35e1\" data-element_type=\"section\">\n\t\t\t\t\t\t<div class=\"elementor-container elementor-column-gap-default\">\n\t\t\t\t\t<div class=\"elementor-column elementor-col-100 elementor-top-column elementor-element elementor-element-c5c2a87\" data-id=\"c5c2a87\" data-element_type=\"column\">\n\t\t\t<div class=\"elementor-widget-wrap elementor-element-populated\">\n\t\t\t\t\t\t<div class=\"elementor-element elementor-element-b018713 e-transform elementor-widget elementor-widget-button\" data-id=\"b018713\" data-element_type=\"widget\" data-settings=\"{&quot;_transform_scale_effect_tablet&quot;:{&quot;unit&quot;:&quot;px&quot;,&quot;size&quot;:1.1,&quot;sizes&quot;:[]},&quot;_transform_scale_effect&quot;:{&quot;unit&quot;:&quot;px&quot;,&quot;size&quot;:&quot;&quot;,&quot;sizes&quot;:[]},&quot;_transform_scale_effect_mobile&quot;:{&quot;unit&quot;:&quot;px&quot;,&quot;size&quot;:&quot;&quot;,&quot;sizes&quot;:[]}}\" data-widget_type=\"button.default\">\n\t\t\t\t<div class=\"elementor-widget-container\">\n\t\t\t\t\t\t\t\t\t<div class=\"elementor-button-wrapper\">\n\t\t\t\t\t<a class=\"elementor-button elementor-button-link elementor-size-sm\" href=\"https:\/\/bonici-sculpture.com\/index.php\/bronzes\/\">\n\t\t\t\t\t\t<span class=\"elementor-button-content-wrapper\">\n\t\t\t\t\t\t\t\t\t<span class=\"elementor-button-text\">X<\/span>\n\t\t\t\t\t<\/span>\n\t\t\t\t\t<\/a>\n\t\t\t\t<\/div>\n\t\t\t\t\t\t\t\t<\/div>\n\t\t\t\t<\/div>\n\t\t\t\t<div class=\"elementor-element elementor-element-40b5e50 elementor-fixed elementor-widget elementor-widget-text-editor\" data-id=\"40b5e50\" data-element_type=\"widget\" data-settings=\"{&quot;_position&quot;:&quot;fixed&quot;}\" data-widget_type=\"text-editor.default\">\n\t\t\t\t<div class=\"elementor-widget-container\">\n\t\t\t\t\t\t\t\t\t<h2>\u00a0 \u00a0Ancien II<\/h2><p>\u00a0 \u00a027 X 10 X 10 cm \u00a0T\u00eate sur socle Bronze 2022<\/p><p>\u00a0 \u00a08 P.O. 4 E.A.<\/p>\t\t\t\t\t\t\t\t<\/div>\n\t\t\t\t<\/div>\n\t\t\t\t\t<\/div>\n\t\t<\/div>\n\t\t\t\t\t<\/div>\n\t\t<\/section>\n\t\t\t\t<section class=\"elementor-section elementor-top-section elementor-element elementor-element-9a2ac3d elementor-section-boxed elementor-section-height-default elementor-section-height-default\" data-id=\"9a2ac3d\" data-element_type=\"section\">\n\t\t\t\t\t\t<div class=\"elementor-container elementor-column-gap-default\">\n\t\t\t\t\t<div class=\"elementor-column elementor-col-100 elementor-top-column elementor-element elementor-element-146ed4e\" data-id=\"146ed4e\" data-element_type=\"column\">\n\t\t\t<div class=\"elementor-widget-wrap elementor-element-populated\">\n\t\t\t\t\t\t<div class=\"elementor-element elementor-element-4b38b1b e-transform elementor-widget elementor-widget-image\" data-id=\"4b38b1b\" data-element_type=\"widget\" data-settings=\"{&quot;_transform_scale_effect&quot;:{&quot;unit&quot;:&quot;px&quot;,&quot;size&quot;:2,&quot;sizes&quot;:[]},&quot;_transform_scale_effect_mobile&quot;:{&quot;unit&quot;:&quot;px&quot;,&quot;size&quot;:1.1,&quot;sizes&quot;:[]},&quot;_transform_scale_effect_tablet&quot;:{&quot;unit&quot;:&quot;px&quot;,&quot;size&quot;:&quot;&quot;,&quot;sizes&quot;:[]}}\" data-widget_type=\"image.default\">\n\t\t\t\t<div class=\"elementor-widget-container\">\n\t\t\t\t\t\t\t\t\t\t\t\t\t\t\t<img fetchpriority=\"high\" decoding=\"async\" width=\"370\" height=\"370\" src=\"https:\/\/bonici-sculpture.com\/wp-content\/uploads\/2023\/08\/Ancien-II-2.jpeg\" class=\"attachment-large size-large wp-image-285\" alt=\"\" srcset=\"https:\/\/bonici-sculpture.com\/wp-content\/uploads\/2023\/08\/Ancien-II-2.jpeg 370w, https:\/\/bonici-sculpture.com\/wp-content\/uploads\/2023\/08\/Ancien-II-2-300x300.jpeg 300w, https:\/\/bonici-sculpture.com\/wp-content\/uploads\/2023\/08\/Ancien-II-2-150x150.jpeg 150w\" sizes=\"(max-width: 370px) 100vw, 370px\" \/>\t\t\t\t\t\t\t\t\t\t\t\t\t\t\t<\/div>\n\t\t\t\t<\/div>\n\t\t\t\t\t<\/div>\n\t\t<\/div>\n\t\t\t\t\t<\/div>\n\t\t<\/section>\n\t\t\t\t<section class=\"elementor-section elementor-top-section elementor-element elementor-element-0e2ab17 elementor-section-boxed elementor-section-height-default elementor-section-height-default\" data-id=\"0e2ab17\" data-element_type=\"section\">\n\t\t\t\t\t\t<div class=\"elementor-container elementor-column-gap-default\">\n\t\t\t\t\t<div class=\"elementor-column elementor-col-100 elementor-top-column elementor-element elementor-element-e4b1d1f\" data-id=\"e4b1d1f\" data-element_type=\"column\">\n\t\t\t<div class=\"elementor-widget-wrap elementor-element-populated\">\n\t\t\t\t\t\t<div class=\"elementor-element elementor-element-95d59ed e-transform elementor-widget elementor-widget-image\" data-id=\"95d59ed\" data-element_type=\"widget\" data-settings=\"{&quot;_transform_scale_effect&quot;:{&quot;unit&quot;:&quot;px&quot;,&quot;size&quot;:1,&quot;sizes&quot;:[]},&quot;_transform_scale_effect_mobile&quot;:{&quot;unit&quot;:&quot;px&quot;,&quot;size&quot;:1.1,&quot;sizes&quot;:[]},&quot;_transform_scale_effect_tablet&quot;:{&quot;unit&quot;:&quot;px&quot;,&quot;size&quot;:&quot;&quot;,&quot;sizes&quot;:[]}}\" data-widget_type=\"image.default\">\n\t\t\t\t<div class=\"elementor-widget-container\">\n\t\t\t\t\t\t\t\t\t\t\t\t\t\t\t<img decoding=\"async\" width=\"800\" height=\"800\" src=\"https:\/\/bonici-sculpture.com\/wp-content\/uploads\/2023\/08\/Ancien-II-1-1024x1024.jpeg\" class=\"attachment-large size-large wp-image-286\" alt=\"\" srcset=\"https:\/\/bonici-sculpture.com\/wp-content\/uploads\/2023\/08\/Ancien-II-1-1024x1024.jpeg 1024w, https:\/\/bonici-sculpture.com\/wp-content\/uploads\/2023\/08\/Ancien-II-1-300x300.jpeg 300w, https:\/\/bonici-sculpture.com\/wp-content\/uploads\/2023\/08\/Ancien-II-1-150x150.jpeg 150w, https:\/\/bonici-sculpture.com\/wp-content\/uploads\/2023\/08\/Ancien-II-1-768x768.jpeg 768w, https:\/\/bonici-sculpture.com\/wp-content\/uploads\/2023\/08\/Ancien-II-1-1536x1536.jpeg 1536w, https:\/\/bonici-sculpture.com\/wp-content\/uploads\/2023\/08\/Ancien-II-1.jpeg 2035w\" sizes=\"(max-width: 800px) 100vw, 800px\" \/>\t\t\t\t\t\t\t\t\t\t\t\t\t\t\t<\/div>\n\t\t\t\t<\/div>\n\t\t\t\t\t<\/div>\n\t\t<\/div>\n\t\t\t\t\t<\/div>\n\t\t<\/section>\n\t\t\t\t<section class=\"elementor-section elementor-top-section elementor-element elementor-element-31ba27e elementor-section-boxed elementor-section-height-default elementor-section-height-default\" data-id=\"31ba27e\" data-element_type=\"section\">\n\t\t\t\t\t\t<div class=\"elementor-container elementor-column-gap-default\">\n\t\t\t\t\t<div class=\"elementor-column elementor-col-100 elementor-top-column elementor-element elementor-element-9b7f00f\" data-id=\"9b7f00f\" data-element_type=\"column\">\n\t\t\t<div class=\"elementor-widget-wrap elementor-element-populated\">\n\t\t\t\t\t\t<div class=\"elementor-element elementor-element-f8fba4d e-transform elementor-widget elementor-widget-image\" data-id=\"f8fba4d\" data-element_type=\"widget\" data-settings=\"{&quot;_transform_scale_effect&quot;:{&quot;unit&quot;:&quot;px&quot;,&quot;size&quot;:1,&quot;sizes&quot;:[]},&quot;_transform_scale_effect_mobile&quot;:{&quot;unit&quot;:&quot;px&quot;,&quot;size&quot;:1.3,&quot;sizes&quot;:[]},&quot;_transform_scale_effect_tablet&quot;:{&quot;unit&quot;:&quot;px&quot;,&quot;size&quot;:&quot;&quot;,&quot;sizes&quot;:[]}}\" data-widget_type=\"image.default\">\n\t\t\t\t<div class=\"elementor-widget-container\">\n\t\t\t\t\t\t\t\t\t\t\t\t\t\t\t<img decoding=\"async\" width=\"800\" height=\"775\" src=\"https:\/\/bonici-sculpture.com\/wp-content\/uploads\/2023\/08\/IMG_1339-1024x992.jpeg\" class=\"attachment-large size-large wp-image-288\" alt=\"\" srcset=\"https:\/\/bonici-sculpture.com\/wp-content\/uploads\/2023\/08\/IMG_1339-1024x992.jpeg 1024w, https:\/\/bonici-sculpture.com\/wp-content\/uploads\/2023\/08\/IMG_1339-300x291.jpeg 300w, https:\/\/bonici-sculpture.com\/wp-content\/uploads\/2023\/08\/IMG_1339-768x744.jpeg 768w, https:\/\/bonici-sculpture.com\/wp-content\/uploads\/2023\/08\/IMG_1339-1536x1488.jpeg 1536w, https:\/\/bonici-sculpture.com\/wp-content\/uploads\/2023\/08\/IMG_1339-2048x1984.jpeg 2048w\" sizes=\"(max-width: 800px) 100vw, 800px\" \/>\t\t\t\t\t\t\t\t\t\t\t\t\t\t\t<\/div>\n\t\t\t\t<\/div>\n\t\t\t\t\t<\/div>\n\t\t<\/div>\n\t\t\t\t\t<\/div>\n\t\t<\/section>\n\t\t\t\t<section class=\"elementor-section elementor-top-section elementor-element elementor-element-aa030cf elementor-section-boxed elementor-section-height-default elementor-section-height-default\" data-id=\"aa030cf\" data-element_type=\"section\">\n\t\t\t\t\t\t<div class=\"elementor-container elementor-column-gap-default\">\n\t\t\t\t\t<div class=\"elementor-column elementor-col-100 elementor-top-column elementor-element elementor-element-985fe5f\" data-id=\"985fe5f\" data-element_type=\"column\">\n\t\t\t<div class=\"elementor-widget-wrap\">\n\t\t\t\t\t\t\t<\/div>\n\t\t<\/div>\n\t\t\t\t\t<\/div>\n\t\t<\/section>\n\t\t\t\t<section class=\"elementor-section elementor-top-section elementor-element elementor-element-45ac4ab elementor-section-boxed elementor-section-height-default elementor-section-height-default\" data-id=\"45ac4ab\" data-element_type=\"section\">\n\t\t\t\t\t\t<div class=\"elementor-container elementor-column-gap-default\">\n\t\t\t\t\t<div class=\"elementor-column elementor-col-100 elementor-top-column elementor-element elementor-element-69fbd9c\" data-id=\"69fbd9c\" data-element_type=\"column\">\n\t\t\t<div class=\"elementor-widget-wrap elementor-element-populated\">\n\t\t\t\t\t\t<div class=\"elementor-element elementor-element-7940950 e-transform elementor-widget elementor-widget-image\" data-id=\"7940950\" data-element_type=\"widget\" data-settings=\"{&quot;_transform_scale_effect&quot;:{&quot;unit&quot;:&quot;px&quot;,&quot;size&quot;:1,&quot;sizes&quot;:[]},&quot;_transform_scale_effect_mobile&quot;:{&quot;unit&quot;:&quot;px&quot;,&quot;size&quot;:1.1,&quot;sizes&quot;:[]},&quot;_transform_scale_effect_tablet&quot;:{&quot;unit&quot;:&quot;px&quot;,&quot;size&quot;:&quot;&quot;,&quot;sizes&quot;:[]}}\" data-widget_type=\"image.default\">\n\t\t\t\t<div class=\"elementor-widget-container\">\n\t\t\t\t\t\t\t\t\t\t\t\t\t\t\t<img loading=\"lazy\" decoding=\"async\" width=\"800\" height=\"800\" src=\"https:\/\/bonici-sculpture.com\/wp-content\/uploads\/2023\/08\/Ancien-II-3-1024x1024.jpeg\" class=\"attachment-large size-large wp-image-284\" alt=\"\" srcset=\"https:\/\/bonici-sculpture.com\/wp-content\/uploads\/2023\/08\/Ancien-II-3-1024x1024.jpeg 1024w, https:\/\/bonici-sculpture.com\/wp-content\/uploads\/2023\/08\/Ancien-II-3-300x300.jpeg 300w, https:\/\/bonici-sculpture.com\/wp-content\/uploads\/2023\/08\/Ancien-II-3-150x150.jpeg 150w, https:\/\/bonici-sculpture.com\/wp-content\/uploads\/2023\/08\/Ancien-II-3-768x768.jpeg 768w, https:\/\/bonici-sculpture.com\/wp-content\/uploads\/2023\/08\/Ancien-II-3-1536x1536.jpeg 1536w, https:\/\/bonici-sculpture.com\/wp-content\/uploads\/2023\/08\/Ancien-II-3-2048x2048.jpeg 2048w\" sizes=\"(max-width: 800px) 100vw, 800px\" \/>\t\t\t\t\t\t\t\t\t\t\t\t\t\t\t<\/div>\n\t\t\t\t<\/div>\n\t\t\t\t\t<\/div>\n\t\t<\/div>\n\t\t\t\t\t<\/div>\n\t\t<\/section>\n\t\t\t\t<section class=\"elementor-section elementor-top-section elementor-element elementor-element-647eeb0 elementor-section-boxed elementor-section-height-default elementor-section-height-default\" data-id=\"647eeb0\" data-element_type=\"section\">\n\t\t\t\t\t\t<div class=\"elementor-container elementor-column-gap-default\">\n\t\t\t\t\t<div class=\"elementor-column elementor-col-100 elementor-top-column elementor-element elementor-element-3bd4af6\" data-id=\"3bd4af6\" data-element_type=\"column\">\n\t\t\t<div class=\"elementor-widget-wrap elementor-element-populated\">\n\t\t\t\t\t\t<div class=\"elementor-element elementor-element-07835a4 elementor-fixed e-transform elementor-widget elementor-widget-image\" data-id=\"07835a4\" data-element_type=\"widget\" data-settings=\"{&quot;_position&quot;:&quot;fixed&quot;,&quot;_transform_scale_effect_mobile&quot;:{&quot;unit&quot;:&quot;px&quot;,&quot;size&quot;:0.6,&quot;sizes&quot;:[]},&quot;_transform_scale_effect&quot;:{&quot;unit&quot;:&quot;px&quot;,&quot;size&quot;:&quot;&quot;,&quot;sizes&quot;:[]},&quot;_transform_scale_effect_tablet&quot;:{&quot;unit&quot;:&quot;px&quot;,&quot;size&quot;:&quot;&quot;,&quot;sizes&quot;:[]}}\" data-widget_type=\"image.default\">\n\t\t\t\t<div class=\"elementor-widget-container\">\n\t\t\t\t\t\t\t\t\t\t\t\t\t\t\t<img loading=\"lazy\" decoding=\"async\" width=\"300\" height=\"153\" src=\"https:\/\/bonici-sculpture.com\/wp-content\/uploads\/2023\/08\/output-onlinepngtools-300x153.png\" class=\"attachment-medium size-medium wp-image-357\" alt=\"\" srcset=\"https:\/\/bonici-sculpture.com\/wp-content\/uploads\/2023\/08\/output-onlinepngtools-300x153.png 300w, https:\/\/bonici-sculpture.com\/wp-content\/uploads\/2023\/08\/output-onlinepngtools-1024x523.png 1024w, https:\/\/bonici-sculpture.com\/wp-content\/uploads\/2023\/08\/output-onlinepngtools-768x392.png 768w, https:\/\/bonici-sculpture.com\/wp-content\/uploads\/2023\/08\/output-onlinepngtools-1536x784.png 1536w, https:\/\/bonici-sculpture.com\/wp-content\/uploads\/2023\/08\/output-onlinepngtools-2048x1046.png 2048w\" sizes=\"(max-width: 300px) 100vw, 300px\" \/>\t\t\t\t\t\t\t\t\t\t\t\t\t\t\t<\/div>\n\t\t\t\t<\/div>\n\t\t\t\t\t<\/div>\n\t\t<\/div>\n\t\t\t\t\t<\/div>\n\t\t<\/section>\n\t\t\t\t<section class=\"elementor-section elementor-top-section elementor-element elementor-element-380ba15 elementor-section-boxed elementor-section-height-default elementor-section-height-default\" data-id=\"380ba15\" data-element_type=\"section\">\n\t\t\t\t\t\t<div class=\"elementor-container elementor-column-gap-default\">\n\t\t\t\t\t<div class=\"elementor-column elementor-col-100 elementor-top-column elementor-element elementor-element-d9118a8\" data-id=\"d9118a8\" data-element_type=\"column\">\n\t\t\t<div class=\"elementor-widget-wrap\">\n\t\t\t\t\t\t\t<\/div>\n\t\t<\/div>\n\t\t\t\t\t<\/div>\n\t\t<\/section>\n\t\t\t\t<section class=\"elementor-section elementor-top-section elementor-element elementor-element-f7eef5c elementor-section-boxed elementor-section-height-default elementor-section-height-default\" data-id=\"f7eef5c\" data-element_type=\"section\">\n\t\t\t\t\t\t<div class=\"elementor-container elementor-column-gap-default\">\n\t\t\t\t\t<div class=\"elementor-column elementor-col-100 elementor-top-column elementor-element elementor-element-f6ea16d\" data-id=\"f6ea16d\" data-element_type=\"column\">\n\t\t\t<div class=\"elementor-widget-wrap elementor-element-populated\">\n\t\t\t\t\t\t<div class=\"elementor-element elementor-element-d18e851 elementor-widget-mobile__width-auto elementor-hidden-desktop elementor-hidden-tablet elementor-widget elementor-widget-button\" data-id=\"d18e851\" data-element_type=\"widget\" data-widget_type=\"button.default\">\n\t\t\t\t<div class=\"elementor-widget-container\">\n\t\t\t\t\t\t\t\t\t<div class=\"elementor-button-wrapper\">\n\t\t\t\t\t<a class=\"elementor-button elementor-button-link elementor-size-sm\" href=\"https:\/\/bonici-sculpture.com\/index.php\/presence\/\">\n\t\t\t\t\t\t<span class=\"elementor-button-content-wrapper\">\n\t\t\t\t\t\t\t\t\t<span class=\"elementor-button-text\">&lt; Pr\u00e9c\u00e9dent<\/span>\n\t\t\t\t\t<\/span>\n\t\t\t\t\t<\/a>\n\t\t\t\t<\/div>\n\t\t\t\t\t\t\t\t<\/div>\n\t\t\t\t<\/div>\n\t\t\t\t<div class=\"elementor-element elementor-element-9053a1f elementor-widget-mobile__width-auto elementor-hidden-desktop elementor-hidden-tablet elementor-widget elementor-widget-button\" data-id=\"9053a1f\" data-element_type=\"widget\" data-widget_type=\"button.default\">\n\t\t\t\t<div class=\"elementor-widget-container\">\n\t\t\t\t\t\t\t\t\t<div class=\"elementor-button-wrapper\">\n\t\t\t\t\t<a class=\"elementor-button elementor-button-link elementor-size-sm\" href=\"https:\/\/bonici-sculpture.com\/index.php\/bienheureux\/\">\n\t\t\t\t\t\t<span class=\"elementor-button-content-wrapper\">\n\t\t\t\t\t\t\t\t\t<span class=\"elementor-button-text\">    Suivant  &gt;       <\/span>\n\t\t\t\t\t<\/span>\n\t\t\t\t\t<\/a>\n\t\t\t\t<\/div>\n\t\t\t\t\t\t\t\t<\/div>\n\t\t\t\t<\/div>\n\t\t\t\t\t<\/div>\n\t\t<\/div>\n\t\t\t\t\t<\/div>\n\t\t<\/section>\n\t\t\t\t<section class=\"elementor-section elementor-top-section elementor-element elementor-element-c14a537 elementor-section-boxed elementor-section-height-default elementor-section-height-default\" data-id=\"c14a537\" data-element_type=\"section\">\n\t\t\t\t\t\t<div class=\"elementor-container elementor-column-gap-default\">\n\t\t\t\t\t<div class=\"elementor-column elementor-col-100 elementor-top-column elementor-element elementor-element-2fb9f5e\" data-id=\"2fb9f5e\" data-element_type=\"column\">\n\t\t\t<div class=\"elementor-widget-wrap\">\n\t\t\t\t\t\t\t<\/div>\n\t\t<\/div>\n\t\t\t\t\t<\/div>\n\t\t<\/section>\n\t\t\t\t<section class=\"elementor-section elementor-top-section elementor-element elementor-element-0cd0e37 elementor-section-boxed elementor-section-height-default elementor-section-height-default\" data-id=\"0cd0e37\" data-element_type=\"section\">\n\t\t\t\t\t\t<div class=\"elementor-container elementor-column-gap-default\">\n\t\t\t\t\t<div class=\"elementor-column elementor-col-100 elementor-top-column elementor-element elementor-element-eb3eed3\" data-id=\"eb3eed3\" data-element_type=\"column\">\n\t\t\t<div class=\"elementor-widget-wrap elementor-element-populated\">\n\t\t\t\t\t\t<div class=\"elementor-element elementor-element-1d1ca11 elementor-widget__width-auto elementor-fixed elementor-hidden-mobile elementor-widget elementor-widget-button\" data-id=\"1d1ca11\" data-element_type=\"widget\" data-settings=\"{&quot;_position&quot;:&quot;fixed&quot;}\" data-widget_type=\"button.default\">\n\t\t\t\t<div class=\"elementor-widget-container\">\n\t\t\t\t\t\t\t\t\t<div class=\"elementor-button-wrapper\">\n\t\t\t\t\t<a class=\"elementor-button elementor-button-link elementor-size-sm\" href=\"https:\/\/bonici-sculpture.com\/index.php\/presence\/\">\n\t\t\t\t\t\t<span class=\"elementor-button-content-wrapper\">\n\t\t\t\t\t\t\t\t\t<span class=\"elementor-button-text\">&lt; Oeuvre pr\u00e9c\u00e9dente<\/span>\n\t\t\t\t\t<\/span>\n\t\t\t\t\t<\/a>\n\t\t\t\t<\/div>\n\t\t\t\t\t\t\t\t<\/div>\n\t\t\t\t<\/div>\n\t\t\t\t<div class=\"elementor-element elementor-element-d46a9e7 elementor-align-right elementor-widget__width-auto elementor-fixed elementor-hidden-mobile elementor-widget elementor-widget-button\" data-id=\"d46a9e7\" data-element_type=\"widget\" data-settings=\"{&quot;_position&quot;:&quot;fixed&quot;}\" data-widget_type=\"button.default\">\n\t\t\t\t<div class=\"elementor-widget-container\">\n\t\t\t\t\t\t\t\t\t<div class=\"elementor-button-wrapper\">\n\t\t\t\t\t<a class=\"elementor-button elementor-button-link elementor-size-sm\" href=\"https:\/\/bonici-sculpture.com\/index.php\/bienheureux\/\">\n\t\t\t\t\t\t<span class=\"elementor-button-content-wrapper\">\n\t\t\t\t\t\t\t\t\t<span class=\"elementor-button-text\">Oeuvre  suivante &gt;<\/span>\n\t\t\t\t\t<\/span>\n\t\t\t\t\t<\/a>\n\t\t\t\t<\/div>\n\t\t\t\t\t\t\t\t<\/div>\n\t\t\t\t<\/div>\n\t\t\t\t\t<\/div>\n\t\t<\/div>\n\t\t\t\t\t<\/div>\n\t\t<\/section>\n\t\t\t\t<section class=\"elementor-section elementor-top-section elementor-element elementor-element-30cc950 elementor-section-boxed elementor-section-height-default elementor-section-height-default\" data-id=\"30cc950\" data-element_type=\"section\">\n\t\t\t\t\t\t<div class=\"elementor-container elementor-column-gap-default\">\n\t\t\t\t\t<div class=\"elementor-column elementor-col-100 elementor-top-column elementor-element elementor-element-61cfd3d\" data-id=\"61cfd3d\" data-element_type=\"column\">\n\t\t\t<div class=\"elementor-widget-wrap\">\n\t\t\t\t\t\t\t<\/div>\n\t\t<\/div>\n\t\t\t\t\t<\/div>\n\t\t<\/section>\n\t\t\t\t<\/div>\n\t\t","protected":false},"excerpt":{"rendered":"<p>X \u00a0 \u00a0Ancien II \u00a0 \u00a027 X 10 X 10 cm \u00a0T\u00eate sur socle Bronze 2022 \u00a0 \u00a08 P.O. 4 E.A. < Pr\u00e9c\u00e9dent Suivant > < Oeuvre pr\u00e9c\u00e9dente Oeuvre suivante ><\/p>\n","protected":false},"author":1,"featured_media":0,"parent":0,"menu_order":0,"comment_status":"closed","ping_status":"closed","template":"elementor_canvas","meta":{"_eb_attr":"","footnotes":""},"class_list":["post-107","page","type-page","status-publish","hentry"],"_links":{"self":[{"href":"https:\/\/bonici-sculpture.com\/index.php\/wp-json\/wp\/v2\/pages\/107","targetHints":{"allow":["GET"]}}],"collection":[{"href":"https:\/\/bonici-sculpture.com\/index.php\/wp-json\/wp\/v2\/pages"}],"about":[{"href":"https:\/\/bonici-sculpture.com\/index.php\/wp-json\/wp\/v2\/types\/page"}],"author":[{"embeddable":true,"href":"https:\/\/bonici-sculpture.com\/index.php\/wp-json\/wp\/v2\/users\/1"}],"replies":[{"embeddable":true,"href":"https:\/\/bonici-sculpture.com\/index.php\/wp-json\/wp\/v2\/comments?post=107"}],"version-history":[{"count":37,"href":"https:\/\/bonici-sculpture.com\/index.php\/wp-json\/wp\/v2\/pages\/107\/revisions"}],"predecessor-version":[{"id":1753,"href":"https:\/\/bonici-sculpture.com\/index.php\/wp-json\/wp\/v2\/pages\/107\/revisions\/1753"}],"wp:attachment":[{"href":"https:\/\/bonici-sculpture.com\/index.php\/wp-json\/wp\/v2\/media?parent=107"}],"curies":[{"name":"wp","href":"https:\/\/api.w.org\/{rel}","templated":true}]}}