{"id":2182,"date":"2024-11-21T14:44:05","date_gmt":"2024-11-21T14:44:05","guid":{"rendered":"https:\/\/bonici-sculpture.com\/?page_id=2182"},"modified":"2024-11-22T08:59:10","modified_gmt":"2024-11-22T08:59:10","slug":"saddhu","status":"publish","type":"page","link":"https:\/\/bonici-sculpture.com\/index.php\/saddhu\/","title":{"rendered":"Saddhu"},"content":{"rendered":"\t\t<div data-elementor-type=\"wp-page\" data-elementor-id=\"2182\" class=\"elementor elementor-2182\">\n\t\t\t\t\t\t<section class=\"elementor-section elementor-top-section elementor-element elementor-element-b24bd00 elementor-section-boxed elementor-section-height-default elementor-section-height-default\" data-id=\"b24bd00\" data-element_type=\"section\">\n\t\t\t\t\t\t<div class=\"elementor-container elementor-column-gap-default\">\n\t\t\t\t\t<div class=\"elementor-column elementor-col-100 elementor-top-column elementor-element elementor-element-6e84cae\" data-id=\"6e84cae\" data-element_type=\"column\">\n\t\t\t<div class=\"elementor-widget-wrap elementor-element-populated\">\n\t\t\t\t\t\t<div class=\"elementor-element elementor-element-c722b5f e-transform elementor-widget elementor-widget-button\" data-id=\"c722b5f\" data-element_type=\"widget\" data-settings=\"{&quot;_transform_scale_effect_tablet&quot;:{&quot;unit&quot;:&quot;px&quot;,&quot;size&quot;:1.1,&quot;sizes&quot;:[]},&quot;_transform_scale_effect&quot;:{&quot;unit&quot;:&quot;px&quot;,&quot;size&quot;:&quot;&quot;,&quot;sizes&quot;:[]},&quot;_transform_scale_effect_mobile&quot;:{&quot;unit&quot;:&quot;px&quot;,&quot;size&quot;:&quot;&quot;,&quot;sizes&quot;:[]}}\" data-widget_type=\"button.default\">\n\t\t\t\t<div class=\"elementor-widget-container\">\n\t\t\t\t\t\t\t\t\t<div class=\"elementor-button-wrapper\">\n\t\t\t\t\t<a class=\"elementor-button elementor-button-link elementor-size-sm\" href=\"https:\/\/bonici-sculpture.com\/index.php\/bronzes\/\">\n\t\t\t\t\t\t<span class=\"elementor-button-content-wrapper\">\n\t\t\t\t\t\t\t\t\t<span class=\"elementor-button-text\">X<\/span>\n\t\t\t\t\t<\/span>\n\t\t\t\t\t<\/a>\n\t\t\t\t<\/div>\n\t\t\t\t\t\t\t\t<\/div>\n\t\t\t\t<\/div>\n\t\t\t\t<div class=\"elementor-element elementor-element-aeb0c04 elementor-fixed elementor-widget elementor-widget-text-editor\" data-id=\"aeb0c04\" data-element_type=\"widget\" data-settings=\"{&quot;_position&quot;:&quot;fixed&quot;}\" data-widget_type=\"text-editor.default\">\n\t\t\t\t<div class=\"elementor-widget-container\">\n\t\t\t\t\t\t\t\t\t<h2>\u00a0 \u00a0Saddhu<\/h2><p>\u00a0 \u00a029 X 18 X 17 cm \u00a0statue Bronze 2024<\/p><p>\u00a0 \u00a08 P.O. 4 E.A.<\/p>\t\t\t\t\t\t\t\t<\/div>\n\t\t\t\t<\/div>\n\t\t\t\t\t<\/div>\n\t\t<\/div>\n\t\t\t\t\t<\/div>\n\t\t<\/section>\n\t\t\t\t<section class=\"elementor-section elementor-top-section elementor-element elementor-element-a915267 elementor-section-boxed elementor-section-height-default elementor-section-height-default\" data-id=\"a915267\" data-element_type=\"section\">\n\t\t\t\t\t\t<div class=\"elementor-container elementor-column-gap-default\">\n\t\t\t\t\t<div class=\"elementor-column elementor-col-100 elementor-top-column elementor-element elementor-element-f733114\" data-id=\"f733114\" data-element_type=\"column\">\n\t\t\t<div class=\"elementor-widget-wrap elementor-element-populated\">\n\t\t\t\t\t\t<div class=\"elementor-element elementor-element-1ea06a4 e-transform elementor-widget elementor-widget-image\" data-id=\"1ea06a4\" data-element_type=\"widget\" data-settings=\"{&quot;_transform_scale_effect&quot;:{&quot;unit&quot;:&quot;px&quot;,&quot;size&quot;:1.1,&quot;sizes&quot;:[]},&quot;_transform_scale_effect_mobile&quot;:{&quot;unit&quot;:&quot;px&quot;,&quot;size&quot;:1.1,&quot;sizes&quot;:[]},&quot;_transform_scale_effect_tablet&quot;:{&quot;unit&quot;:&quot;px&quot;,&quot;size&quot;:&quot;&quot;,&quot;sizes&quot;:[]}}\" data-widget_type=\"image.default\">\n\t\t\t\t<div class=\"elementor-widget-container\">\n\t\t\t\t\t\t\t\t\t\t\t\t\t\t\t<img fetchpriority=\"high\" decoding=\"async\" width=\"800\" height=\"800\" src=\"https:\/\/bonici-sculpture.com\/wp-content\/uploads\/2024\/11\/IMG_3236-1024x1024.jpg\" class=\"attachment-large size-large wp-image-2169\" alt=\"\" srcset=\"https:\/\/bonici-sculpture.com\/wp-content\/uploads\/2024\/11\/IMG_3236-1024x1024.jpg 1024w, https:\/\/bonici-sculpture.com\/wp-content\/uploads\/2024\/11\/IMG_3236-300x300.jpg 300w, https:\/\/bonici-sculpture.com\/wp-content\/uploads\/2024\/11\/IMG_3236-150x150.jpg 150w, https:\/\/bonici-sculpture.com\/wp-content\/uploads\/2024\/11\/IMG_3236-768x768.jpg 768w, https:\/\/bonici-sculpture.com\/wp-content\/uploads\/2024\/11\/IMG_3236-1536x1536.jpg 1536w, https:\/\/bonici-sculpture.com\/wp-content\/uploads\/2024\/11\/IMG_3236-2048x2048.jpg 2048w\" sizes=\"(max-width: 800px) 100vw, 800px\" \/>\t\t\t\t\t\t\t\t\t\t\t\t\t\t\t<\/div>\n\t\t\t\t<\/div>\n\t\t\t\t\t<\/div>\n\t\t<\/div>\n\t\t\t\t\t<\/div>\n\t\t<\/section>\n\t\t\t\t<section class=\"elementor-section elementor-top-section elementor-element elementor-element-4a2dc26 elementor-section-boxed elementor-section-height-default elementor-section-height-default\" data-id=\"4a2dc26\" data-element_type=\"section\">\n\t\t\t\t\t\t<div class=\"elementor-container elementor-column-gap-default\">\n\t\t\t\t\t<div class=\"elementor-column elementor-col-100 elementor-top-column elementor-element elementor-element-4115588\" data-id=\"4115588\" data-element_type=\"column\">\n\t\t\t<div class=\"elementor-widget-wrap elementor-element-populated\">\n\t\t\t\t\t\t<div class=\"elementor-element elementor-element-c477291 e-transform elementor-widget elementor-widget-image\" data-id=\"c477291\" data-element_type=\"widget\" data-settings=\"{&quot;_transform_scale_effect&quot;:{&quot;unit&quot;:&quot;px&quot;,&quot;size&quot;:1.1,&quot;sizes&quot;:[]},&quot;_transform_scale_effect_tablet&quot;:{&quot;unit&quot;:&quot;px&quot;,&quot;size&quot;:&quot;&quot;,&quot;sizes&quot;:[]},&quot;_transform_scale_effect_mobile&quot;:{&quot;unit&quot;:&quot;px&quot;,&quot;size&quot;:&quot;&quot;,&quot;sizes&quot;:[]}}\" data-widget_type=\"image.default\">\n\t\t\t\t<div class=\"elementor-widget-container\">\n\t\t\t\t\t\t\t\t\t\t\t\t\t\t\t<img decoding=\"async\" width=\"800\" height=\"800\" src=\"https:\/\/bonici-sculpture.com\/wp-content\/uploads\/2024\/11\/IMG_3240-1024x1024.jpg\" class=\"attachment-large size-large wp-image-2173\" alt=\"\" srcset=\"https:\/\/bonici-sculpture.com\/wp-content\/uploads\/2024\/11\/IMG_3240-1024x1024.jpg 1024w, https:\/\/bonici-sculpture.com\/wp-content\/uploads\/2024\/11\/IMG_3240-300x300.jpg 300w, https:\/\/bonici-sculpture.com\/wp-content\/uploads\/2024\/11\/IMG_3240-150x150.jpg 150w, https:\/\/bonici-sculpture.com\/wp-content\/uploads\/2024\/11\/IMG_3240-768x768.jpg 768w, https:\/\/bonici-sculpture.com\/wp-content\/uploads\/2024\/11\/IMG_3240-1536x1536.jpg 1536w, https:\/\/bonici-sculpture.com\/wp-content\/uploads\/2024\/11\/IMG_3240-2048x2048.jpg 2048w\" sizes=\"(max-width: 800px) 100vw, 800px\" \/>\t\t\t\t\t\t\t\t\t\t\t\t\t\t\t<\/div>\n\t\t\t\t<\/div>\n\t\t\t\t\t<\/div>\n\t\t<\/div>\n\t\t\t\t\t<\/div>\n\t\t<\/section>\n\t\t\t\t<section class=\"elementor-section elementor-top-section elementor-element elementor-element-115606f elementor-section-boxed elementor-section-height-default elementor-section-height-default\" data-id=\"115606f\" data-element_type=\"section\">\n\t\t\t\t\t\t<div class=\"elementor-container elementor-column-gap-default\">\n\t\t\t\t\t<div class=\"elementor-column elementor-col-100 elementor-top-column elementor-element elementor-element-49fe999\" data-id=\"49fe999\" data-element_type=\"column\">\n\t\t\t<div class=\"elementor-widget-wrap elementor-element-populated\">\n\t\t\t\t\t\t<div class=\"elementor-element elementor-element-ab6dc7a e-transform elementor-widget elementor-widget-image\" data-id=\"ab6dc7a\" data-element_type=\"widget\" data-settings=\"{&quot;_transform_scale_effect&quot;:{&quot;unit&quot;:&quot;px&quot;,&quot;size&quot;:1.1,&quot;sizes&quot;:[]},&quot;_transform_scale_effect_mobile&quot;:{&quot;unit&quot;:&quot;px&quot;,&quot;size&quot;:1.3,&quot;sizes&quot;:[]},&quot;_transform_scale_effect_tablet&quot;:{&quot;unit&quot;:&quot;px&quot;,&quot;size&quot;:&quot;&quot;,&quot;sizes&quot;:[]}}\" data-widget_type=\"image.default\">\n\t\t\t\t<div class=\"elementor-widget-container\">\n\t\t\t\t\t\t\t\t\t\t\t\t\t\t\t<img decoding=\"async\" width=\"800\" height=\"800\" src=\"https:\/\/bonici-sculpture.com\/wp-content\/uploads\/2024\/11\/IMG_3239-1024x1024.jpg\" class=\"attachment-large size-large wp-image-2170\" alt=\"\" srcset=\"https:\/\/bonici-sculpture.com\/wp-content\/uploads\/2024\/11\/IMG_3239-1024x1024.jpg 1024w, https:\/\/bonici-sculpture.com\/wp-content\/uploads\/2024\/11\/IMG_3239-300x300.jpg 300w, https:\/\/bonici-sculpture.com\/wp-content\/uploads\/2024\/11\/IMG_3239-150x150.jpg 150w, https:\/\/bonici-sculpture.com\/wp-content\/uploads\/2024\/11\/IMG_3239-768x768.jpg 768w, https:\/\/bonici-sculpture.com\/wp-content\/uploads\/2024\/11\/IMG_3239-1536x1536.jpg 1536w, https:\/\/bonici-sculpture.com\/wp-content\/uploads\/2024\/11\/IMG_3239-2048x2048.jpg 2048w\" sizes=\"(max-width: 800px) 100vw, 800px\" \/>\t\t\t\t\t\t\t\t\t\t\t\t\t\t\t<\/div>\n\t\t\t\t<\/div>\n\t\t\t\t\t<\/div>\n\t\t<\/div>\n\t\t\t\t\t<\/div>\n\t\t<\/section>\n\t\t\t\t<section class=\"elementor-section elementor-top-section elementor-element elementor-element-9dbafb2 elementor-section-boxed elementor-section-height-default elementor-section-height-default\" data-id=\"9dbafb2\" data-element_type=\"section\">\n\t\t\t\t\t\t<div class=\"elementor-container elementor-column-gap-default\">\n\t\t\t\t\t<div class=\"elementor-column elementor-col-100 elementor-top-column elementor-element elementor-element-a833583\" data-id=\"a833583\" data-element_type=\"column\">\n\t\t\t<div class=\"elementor-widget-wrap\">\n\t\t\t\t\t\t\t<\/div>\n\t\t<\/div>\n\t\t\t\t\t<\/div>\n\t\t<\/section>\n\t\t\t\t<section class=\"elementor-section elementor-top-section elementor-element elementor-element-e3cfe12 elementor-section-boxed elementor-section-height-default elementor-section-height-default\" data-id=\"e3cfe12\" data-element_type=\"section\">\n\t\t\t\t\t\t<div class=\"elementor-container elementor-column-gap-default\">\n\t\t\t\t\t<div class=\"elementor-column elementor-col-100 elementor-top-column elementor-element elementor-element-483181c\" data-id=\"483181c\" data-element_type=\"column\">\n\t\t\t<div class=\"elementor-widget-wrap elementor-element-populated\">\n\t\t\t\t\t\t<div class=\"elementor-element elementor-element-cdbcfc7 e-transform elementor-widget elementor-widget-image\" data-id=\"cdbcfc7\" data-element_type=\"widget\" data-settings=\"{&quot;_transform_scale_effect&quot;:{&quot;unit&quot;:&quot;px&quot;,&quot;size&quot;:1.1,&quot;sizes&quot;:[]},&quot;_transform_scale_effect_tablet&quot;:{&quot;unit&quot;:&quot;px&quot;,&quot;size&quot;:&quot;&quot;,&quot;sizes&quot;:[]},&quot;_transform_scale_effect_mobile&quot;:{&quot;unit&quot;:&quot;px&quot;,&quot;size&quot;:&quot;&quot;,&quot;sizes&quot;:[]}}\" data-widget_type=\"image.default\">\n\t\t\t\t<div class=\"elementor-widget-container\">\n\t\t\t\t\t\t\t\t\t\t\t\t\t\t\t<img loading=\"lazy\" decoding=\"async\" width=\"800\" height=\"800\" src=\"https:\/\/bonici-sculpture.com\/wp-content\/uploads\/2024\/11\/IMG_3241-1024x1024.jpg\" class=\"attachment-large size-large wp-image-2172\" alt=\"\" srcset=\"https:\/\/bonici-sculpture.com\/wp-content\/uploads\/2024\/11\/IMG_3241-1024x1024.jpg 1024w, https:\/\/bonici-sculpture.com\/wp-content\/uploads\/2024\/11\/IMG_3241-300x300.jpg 300w, https:\/\/bonici-sculpture.com\/wp-content\/uploads\/2024\/11\/IMG_3241-150x150.jpg 150w, https:\/\/bonici-sculpture.com\/wp-content\/uploads\/2024\/11\/IMG_3241-768x768.jpg 768w, https:\/\/bonici-sculpture.com\/wp-content\/uploads\/2024\/11\/IMG_3241-1536x1536.jpg 1536w, https:\/\/bonici-sculpture.com\/wp-content\/uploads\/2024\/11\/IMG_3241-2048x2048.jpg 2048w\" sizes=\"(max-width: 800px) 100vw, 800px\" \/>\t\t\t\t\t\t\t\t\t\t\t\t\t\t\t<\/div>\n\t\t\t\t<\/div>\n\t\t\t\t\t<\/div>\n\t\t<\/div>\n\t\t\t\t\t<\/div>\n\t\t<\/section>\n\t\t\t\t<section class=\"elementor-section elementor-top-section elementor-element elementor-element-478d055 elementor-section-boxed elementor-section-height-default elementor-section-height-default\" data-id=\"478d055\" data-element_type=\"section\">\n\t\t\t\t\t\t<div class=\"elementor-container elementor-column-gap-default\">\n\t\t\t\t\t<div class=\"elementor-column elementor-col-100 elementor-top-column elementor-element elementor-element-a68af67\" data-id=\"a68af67\" data-element_type=\"column\">\n\t\t\t<div class=\"elementor-widget-wrap elementor-element-populated\">\n\t\t\t\t\t\t<div class=\"elementor-element elementor-element-c7dcd7e elementor-fixed e-transform elementor-widget elementor-widget-image\" data-id=\"c7dcd7e\" data-element_type=\"widget\" data-settings=\"{&quot;_position&quot;:&quot;fixed&quot;,&quot;_transform_scale_effect_mobile&quot;:{&quot;unit&quot;:&quot;px&quot;,&quot;size&quot;:0.6,&quot;sizes&quot;:[]},&quot;_transform_scale_effect&quot;:{&quot;unit&quot;:&quot;px&quot;,&quot;size&quot;:&quot;&quot;,&quot;sizes&quot;:[]},&quot;_transform_scale_effect_tablet&quot;:{&quot;unit&quot;:&quot;px&quot;,&quot;size&quot;:&quot;&quot;,&quot;sizes&quot;:[]}}\" data-widget_type=\"image.default\">\n\t\t\t\t<div class=\"elementor-widget-container\">\n\t\t\t\t\t\t\t\t\t\t\t\t\t\t\t<img loading=\"lazy\" decoding=\"async\" width=\"300\" height=\"153\" src=\"https:\/\/bonici-sculpture.com\/wp-content\/uploads\/2023\/08\/output-onlinepngtools-300x153.png\" class=\"attachment-medium size-medium wp-image-357\" alt=\"\" srcset=\"https:\/\/bonici-sculpture.com\/wp-content\/uploads\/2023\/08\/output-onlinepngtools-300x153.png 300w, https:\/\/bonici-sculpture.com\/wp-content\/uploads\/2023\/08\/output-onlinepngtools-1024x523.png 1024w, https:\/\/bonici-sculpture.com\/wp-content\/uploads\/2023\/08\/output-onlinepngtools-768x392.png 768w, https:\/\/bonici-sculpture.com\/wp-content\/uploads\/2023\/08\/output-onlinepngtools-1536x784.png 1536w, https:\/\/bonici-sculpture.com\/wp-content\/uploads\/2023\/08\/output-onlinepngtools-2048x1046.png 2048w\" sizes=\"(max-width: 300px) 100vw, 300px\" \/>\t\t\t\t\t\t\t\t\t\t\t\t\t\t\t<\/div>\n\t\t\t\t<\/div>\n\t\t\t\t\t<\/div>\n\t\t<\/div>\n\t\t\t\t\t<\/div>\n\t\t<\/section>\n\t\t\t\t<section class=\"elementor-section elementor-top-section elementor-element elementor-element-4cefdd4 elementor-section-boxed elementor-section-height-default elementor-section-height-default\" data-id=\"4cefdd4\" data-element_type=\"section\">\n\t\t\t\t\t\t<div class=\"elementor-container elementor-column-gap-default\">\n\t\t\t\t\t<div class=\"elementor-column elementor-col-100 elementor-top-column elementor-element elementor-element-019ff0a\" data-id=\"019ff0a\" data-element_type=\"column\">\n\t\t\t<div class=\"elementor-widget-wrap\">\n\t\t\t\t\t\t\t<\/div>\n\t\t<\/div>\n\t\t\t\t\t<\/div>\n\t\t<\/section>\n\t\t\t\t<section class=\"elementor-section elementor-top-section elementor-element elementor-element-03f0d0f elementor-section-boxed elementor-section-height-default elementor-section-height-default\" data-id=\"03f0d0f\" data-element_type=\"section\">\n\t\t\t\t\t\t<div class=\"elementor-container elementor-column-gap-default\">\n\t\t\t\t\t<div class=\"elementor-column elementor-col-100 elementor-top-column elementor-element elementor-element-8c63d53\" data-id=\"8c63d53\" data-element_type=\"column\">\n\t\t\t<div class=\"elementor-widget-wrap elementor-element-populated\">\n\t\t\t\t\t\t<div class=\"elementor-element elementor-element-679441f elementor-widget-mobile__width-auto elementor-hidden-desktop elementor-hidden-tablet elementor-widget elementor-widget-button\" data-id=\"679441f\" data-element_type=\"widget\" data-widget_type=\"button.default\">\n\t\t\t\t<div class=\"elementor-widget-container\">\n\t\t\t\t\t\t\t\t\t<div class=\"elementor-button-wrapper\">\n\t\t\t\t\t<a class=\"elementor-button elementor-button-link elementor-size-sm\" href=\"https:\/\/bonici-sculpture.com\/index.php\/trois-pelerins\/\">\n\t\t\t\t\t\t<span class=\"elementor-button-content-wrapper\">\n\t\t\t\t\t\t\t\t\t<span class=\"elementor-button-text\">&lt; Pr\u00e9c\u00e9dent<\/span>\n\t\t\t\t\t<\/span>\n\t\t\t\t\t<\/a>\n\t\t\t\t<\/div>\n\t\t\t\t\t\t\t\t<\/div>\n\t\t\t\t<\/div>\n\t\t\t\t<div class=\"elementor-element elementor-element-1fe419f elementor-widget-mobile__width-auto elementor-hidden-desktop elementor-hidden-tablet elementor-widget elementor-widget-button\" data-id=\"1fe419f\" data-element_type=\"widget\" data-widget_type=\"button.default\">\n\t\t\t\t<div class=\"elementor-widget-container\">\n\t\t\t\t\t\t\t\t\t<div class=\"elementor-button-wrapper\">\n\t\t\t\t\t<a class=\"elementor-button elementor-button-link elementor-size-sm\" href=\"https:\/\/bonici-sculpture.com\/index.php\/trois-anciens\/\">\n\t\t\t\t\t\t<span class=\"elementor-button-content-wrapper\">\n\t\t\t\t\t\t\t\t\t<span class=\"elementor-button-text\">    Suivant  &gt;       <\/span>\n\t\t\t\t\t<\/span>\n\t\t\t\t\t<\/a>\n\t\t\t\t<\/div>\n\t\t\t\t\t\t\t\t<\/div>\n\t\t\t\t<\/div>\n\t\t\t\t\t<\/div>\n\t\t<\/div>\n\t\t\t\t\t<\/div>\n\t\t<\/section>\n\t\t\t\t<section class=\"elementor-section elementor-top-section elementor-element elementor-element-6874097 elementor-section-boxed elementor-section-height-default elementor-section-height-default\" data-id=\"6874097\" data-element_type=\"section\">\n\t\t\t\t\t\t<div class=\"elementor-container elementor-column-gap-default\">\n\t\t\t\t\t<div class=\"elementor-column elementor-col-100 elementor-top-column elementor-element elementor-element-3a99991\" data-id=\"3a99991\" data-element_type=\"column\">\n\t\t\t<div class=\"elementor-widget-wrap\">\n\t\t\t\t\t\t\t<\/div>\n\t\t<\/div>\n\t\t\t\t\t<\/div>\n\t\t<\/section>\n\t\t\t\t<section class=\"elementor-section elementor-top-section elementor-element elementor-element-d440c05 elementor-section-boxed elementor-section-height-default elementor-section-height-default\" data-id=\"d440c05\" data-element_type=\"section\">\n\t\t\t\t\t\t<div class=\"elementor-container elementor-column-gap-default\">\n\t\t\t\t\t<div class=\"elementor-column elementor-col-100 elementor-top-column elementor-element elementor-element-866b922\" data-id=\"866b922\" data-element_type=\"column\">\n\t\t\t<div class=\"elementor-widget-wrap elementor-element-populated\">\n\t\t\t\t\t\t<div class=\"elementor-element elementor-element-f3a05aa elementor-widget__width-auto elementor-fixed elementor-hidden-mobile elementor-widget elementor-widget-button\" data-id=\"f3a05aa\" data-element_type=\"widget\" data-settings=\"{&quot;_position&quot;:&quot;fixed&quot;}\" data-widget_type=\"button.default\">\n\t\t\t\t<div class=\"elementor-widget-container\">\n\t\t\t\t\t\t\t\t\t<div class=\"elementor-button-wrapper\">\n\t\t\t\t\t<a class=\"elementor-button elementor-button-link elementor-size-sm\" href=\"https:\/\/bonici-sculpture.com\/index.php\/trois-pelerins\/\">\n\t\t\t\t\t\t<span class=\"elementor-button-content-wrapper\">\n\t\t\t\t\t\t\t\t\t<span class=\"elementor-button-text\">&lt; Oeuvre pr\u00e9c\u00e9dente<\/span>\n\t\t\t\t\t<\/span>\n\t\t\t\t\t<\/a>\n\t\t\t\t<\/div>\n\t\t\t\t\t\t\t\t<\/div>\n\t\t\t\t<\/div>\n\t\t\t\t<div class=\"elementor-element elementor-element-06756ba elementor-align-right elementor-widget__width-auto elementor-fixed elementor-hidden-mobile elementor-widget elementor-widget-button\" data-id=\"06756ba\" data-element_type=\"widget\" data-settings=\"{&quot;_position&quot;:&quot;fixed&quot;}\" data-widget_type=\"button.default\">\n\t\t\t\t<div class=\"elementor-widget-container\">\n\t\t\t\t\t\t\t\t\t<div class=\"elementor-button-wrapper\">\n\t\t\t\t\t<a class=\"elementor-button elementor-button-link elementor-size-sm\" href=\"https:\/\/bonici-sculpture.com\/index.php\/trois-anciens\/\">\n\t\t\t\t\t\t<span class=\"elementor-button-content-wrapper\">\n\t\t\t\t\t\t\t\t\t<span class=\"elementor-button-text\">Oeuvre  suivante &gt;<\/span>\n\t\t\t\t\t<\/span>\n\t\t\t\t\t<\/a>\n\t\t\t\t<\/div>\n\t\t\t\t\t\t\t\t<\/div>\n\t\t\t\t<\/div>\n\t\t\t\t\t<\/div>\n\t\t<\/div>\n\t\t\t\t\t<\/div>\n\t\t<\/section>\n\t\t\t\t<section class=\"elementor-section elementor-top-section elementor-element elementor-element-8f4a7a2 elementor-section-boxed elementor-section-height-default elementor-section-height-default\" data-id=\"8f4a7a2\" data-element_type=\"section\">\n\t\t\t\t\t\t<div class=\"elementor-container elementor-column-gap-default\">\n\t\t\t\t\t<div class=\"elementor-column elementor-col-100 elementor-top-column elementor-element elementor-element-7f0e534\" data-id=\"7f0e534\" data-element_type=\"column\">\n\t\t\t<div class=\"elementor-widget-wrap\">\n\t\t\t\t\t\t\t<\/div>\n\t\t<\/div>\n\t\t\t\t\t<\/div>\n\t\t<\/section>\n\t\t\t\t<\/div>\n\t\t","protected":false},"excerpt":{"rendered":"<p>X \u00a0 \u00a0Saddhu \u00a0 \u00a029 X 18 X 17 cm \u00a0statue Bronze 2024 \u00a0 \u00a08 P.O. 4 E.A. < Pr\u00e9c\u00e9dent Suivant > < Oeuvre pr\u00e9c\u00e9dente Oeuvre suivante ><\/p>\n","protected":false},"author":1,"featured_media":0,"parent":0,"menu_order":0,"comment_status":"closed","ping_status":"closed","template":"elementor_canvas","meta":{"_eb_attr":"","footnotes":""},"class_list":["post-2182","page","type-page","status-publish","hentry"],"_links":{"self":[{"href":"https:\/\/bonici-sculpture.com\/index.php\/wp-json\/wp\/v2\/pages\/2182","targetHints":{"allow":["GET"]}}],"collection":[{"href":"https:\/\/bonici-sculpture.com\/index.php\/wp-json\/wp\/v2\/pages"}],"about":[{"href":"https:\/\/bonici-sculpture.com\/index.php\/wp-json\/wp\/v2\/types\/page"}],"author":[{"embeddable":true,"href":"https:\/\/bonici-sculpture.com\/index.php\/wp-json\/wp\/v2\/users\/1"}],"replies":[{"embeddable":true,"href":"https:\/\/bonici-sculpture.com\/index.php\/wp-json\/wp\/v2\/comments?post=2182"}],"version-history":[{"count":19,"href":"https:\/\/bonici-sculpture.com\/index.php\/wp-json\/wp\/v2\/pages\/2182\/revisions"}],"predecessor-version":[{"id":2311,"href":"https:\/\/bonici-sculpture.com\/index.php\/wp-json\/wp\/v2\/pages\/2182\/revisions\/2311"}],"wp:attachment":[{"href":"https:\/\/bonici-sculpture.com\/index.php\/wp-json\/wp\/v2\/media?parent=2182"}],"curies":[{"name":"wp","href":"https:\/\/api.w.org\/{rel}","templated":true}]}}