{"id":2598,"date":"2024-12-08T10:17:26","date_gmt":"2024-12-08T10:17:26","guid":{"rendered":"https:\/\/bonici-sculpture.com\/?page_id=2598"},"modified":"2026-03-14T14:13:54","modified_gmt":"2026-03-14T14:13:54","slug":"evenements","status":"publish","type":"page","link":"https:\/\/bonici-sculpture.com\/index.php\/evenements\/","title":{"rendered":"Agenda"},"content":{"rendered":"\t\t<div data-elementor-type=\"wp-page\" data-elementor-id=\"2598\" class=\"elementor elementor-2598\">\n\t\t\t\t\t\t<section class=\"elementor-section elementor-top-section elementor-element elementor-element-2b45c04 elementor-section-boxed elementor-section-height-default elementor-section-height-default\" data-id=\"2b45c04\" data-element_type=\"section\">\n\t\t\t\t\t\t<div class=\"elementor-container elementor-column-gap-default\">\n\t\t\t\t\t<div class=\"elementor-column elementor-col-50 elementor-top-column elementor-element elementor-element-2cc2e22\" data-id=\"2cc2e22\" data-element_type=\"column\">\n\t\t\t<div class=\"elementor-widget-wrap elementor-element-populated\">\n\t\t\t\t\t\t<div class=\"elementor-element elementor-element-3ce3b4f elementor-widget elementor-widget-text-editor\" data-id=\"3ce3b4f\" data-element_type=\"widget\" data-widget_type=\"text-editor.default\">\n\t\t\t\t<div class=\"elementor-widget-container\">\n\t\t\t\t\t\t\t\t\t<p>\u00a0 \u00a0 \u00a0 \u00a0 \u00a0Anita Bonici<\/p>\t\t\t\t\t\t\t\t<\/div>\n\t\t\t\t<\/div>\n\t\t\t\t\t<\/div>\n\t\t<\/div>\n\t\t\t\t<div class=\"elementor-column elementor-col-50 elementor-top-column elementor-element elementor-element-dd76368\" data-id=\"dd76368\" data-element_type=\"column\">\n\t\t\t<div class=\"elementor-widget-wrap elementor-element-populated\">\n\t\t\t\t\t\t<div class=\"elementor-element elementor-element-28a2cb8 hfe-nav-menu__align-left hfe-submenu-icon-arrow hfe-submenu-animation-none hfe-link-redirect-child hfe-nav-menu__breakpoint-tablet elementor-widget elementor-widget-navigation-menu\" data-id=\"28a2cb8\" data-element_type=\"widget\" data-settings=\"{&quot;padding_horizontal_menu_item&quot;:{&quot;unit&quot;:&quot;px&quot;,&quot;size&quot;:15,&quot;sizes&quot;:[]},&quot;padding_horizontal_menu_item_tablet&quot;:{&quot;unit&quot;:&quot;px&quot;,&quot;size&quot;:&quot;&quot;,&quot;sizes&quot;:[]},&quot;padding_horizontal_menu_item_mobile&quot;:{&quot;unit&quot;:&quot;px&quot;,&quot;size&quot;:&quot;&quot;,&quot;sizes&quot;:[]},&quot;padding_vertical_menu_item&quot;:{&quot;unit&quot;:&quot;px&quot;,&quot;size&quot;:15,&quot;sizes&quot;:[]},&quot;padding_vertical_menu_item_tablet&quot;:{&quot;unit&quot;:&quot;px&quot;,&quot;size&quot;:&quot;&quot;,&quot;sizes&quot;:[]},&quot;padding_vertical_menu_item_mobile&quot;:{&quot;unit&quot;:&quot;px&quot;,&quot;size&quot;:&quot;&quot;,&quot;sizes&quot;:[]},&quot;menu_space_between&quot;:{&quot;unit&quot;:&quot;px&quot;,&quot;size&quot;:&quot;&quot;,&quot;sizes&quot;:[]},&quot;menu_space_between_tablet&quot;:{&quot;unit&quot;:&quot;px&quot;,&quot;size&quot;:&quot;&quot;,&quot;sizes&quot;:[]},&quot;menu_space_between_mobile&quot;:{&quot;unit&quot;:&quot;px&quot;,&quot;size&quot;:&quot;&quot;,&quot;sizes&quot;:[]},&quot;menu_row_space&quot;:{&quot;unit&quot;:&quot;px&quot;,&quot;size&quot;:&quot;&quot;,&quot;sizes&quot;:[]},&quot;menu_row_space_tablet&quot;:{&quot;unit&quot;:&quot;px&quot;,&quot;size&quot;:&quot;&quot;,&quot;sizes&quot;:[]},&quot;menu_row_space_mobile&quot;:{&quot;unit&quot;:&quot;px&quot;,&quot;size&quot;:&quot;&quot;,&quot;sizes&quot;:[]},&quot;dropdown_border_radius&quot;:{&quot;unit&quot;:&quot;px&quot;,&quot;top&quot;:&quot;&quot;,&quot;right&quot;:&quot;&quot;,&quot;bottom&quot;:&quot;&quot;,&quot;left&quot;:&quot;&quot;,&quot;isLinked&quot;:true},&quot;dropdown_border_radius_tablet&quot;:{&quot;unit&quot;:&quot;px&quot;,&quot;top&quot;:&quot;&quot;,&quot;right&quot;:&quot;&quot;,&quot;bottom&quot;:&quot;&quot;,&quot;left&quot;:&quot;&quot;,&quot;isLinked&quot;:true},&quot;dropdown_border_radius_mobile&quot;:{&quot;unit&quot;:&quot;px&quot;,&quot;top&quot;:&quot;&quot;,&quot;right&quot;:&quot;&quot;,&quot;bottom&quot;:&quot;&quot;,&quot;left&quot;:&quot;&quot;,&quot;isLinked&quot;:true},&quot;width_dropdown_item&quot;:{&quot;unit&quot;:&quot;px&quot;,&quot;size&quot;:&quot;220&quot;,&quot;sizes&quot;:[]},&quot;width_dropdown_item_tablet&quot;:{&quot;unit&quot;:&quot;px&quot;,&quot;size&quot;:&quot;&quot;,&quot;sizes&quot;:[]},&quot;width_dropdown_item_mobile&quot;:{&quot;unit&quot;:&quot;px&quot;,&quot;size&quot;:&quot;&quot;,&quot;sizes&quot;:[]},&quot;padding_horizontal_dropdown_item&quot;:{&quot;unit&quot;:&quot;px&quot;,&quot;size&quot;:&quot;&quot;,&quot;sizes&quot;:[]},&quot;padding_horizontal_dropdown_item_tablet&quot;:{&quot;unit&quot;:&quot;px&quot;,&quot;size&quot;:&quot;&quot;,&quot;sizes&quot;:[]},&quot;padding_horizontal_dropdown_item_mobile&quot;:{&quot;unit&quot;:&quot;px&quot;,&quot;size&quot;:&quot;&quot;,&quot;sizes&quot;:[]},&quot;padding_vertical_dropdown_item&quot;:{&quot;unit&quot;:&quot;px&quot;,&quot;size&quot;:15,&quot;sizes&quot;:[]},&quot;padding_vertical_dropdown_item_tablet&quot;:{&quot;unit&quot;:&quot;px&quot;,&quot;size&quot;:&quot;&quot;,&quot;sizes&quot;:[]},&quot;padding_vertical_dropdown_item_mobile&quot;:{&quot;unit&quot;:&quot;px&quot;,&quot;size&quot;:&quot;&quot;,&quot;sizes&quot;:[]},&quot;distance_from_menu&quot;:{&quot;unit&quot;:&quot;px&quot;,&quot;size&quot;:&quot;&quot;,&quot;sizes&quot;:[]},&quot;distance_from_menu_tablet&quot;:{&quot;unit&quot;:&quot;px&quot;,&quot;size&quot;:&quot;&quot;,&quot;sizes&quot;:[]},&quot;distance_from_menu_mobile&quot;:{&quot;unit&quot;:&quot;px&quot;,&quot;size&quot;:&quot;&quot;,&quot;sizes&quot;:[]},&quot;toggle_size&quot;:{&quot;unit&quot;:&quot;px&quot;,&quot;size&quot;:&quot;&quot;,&quot;sizes&quot;:[]},&quot;toggle_size_tablet&quot;:{&quot;unit&quot;:&quot;px&quot;,&quot;size&quot;:&quot;&quot;,&quot;sizes&quot;:[]},&quot;toggle_size_mobile&quot;:{&quot;unit&quot;:&quot;px&quot;,&quot;size&quot;:&quot;&quot;,&quot;sizes&quot;:[]},&quot;toggle_border_width&quot;:{&quot;unit&quot;:&quot;px&quot;,&quot;size&quot;:&quot;&quot;,&quot;sizes&quot;:[]},&quot;toggle_border_width_tablet&quot;:{&quot;unit&quot;:&quot;px&quot;,&quot;size&quot;:&quot;&quot;,&quot;sizes&quot;:[]},&quot;toggle_border_width_mobile&quot;:{&quot;unit&quot;:&quot;px&quot;,&quot;size&quot;:&quot;&quot;,&quot;sizes&quot;:[]},&quot;toggle_border_radius&quot;:{&quot;unit&quot;:&quot;px&quot;,&quot;size&quot;:&quot;&quot;,&quot;sizes&quot;:[]},&quot;toggle_border_radius_tablet&quot;:{&quot;unit&quot;:&quot;px&quot;,&quot;size&quot;:&quot;&quot;,&quot;sizes&quot;:[]},&quot;toggle_border_radius_mobile&quot;:{&quot;unit&quot;:&quot;px&quot;,&quot;size&quot;:&quot;&quot;,&quot;sizes&quot;:[]}}\" data-widget_type=\"navigation-menu.default\">\n\t\t\t\t<div class=\"elementor-widget-container\">\n\t\t\t\t\t\t\t\t<div class=\"hfe-nav-menu hfe-layout-horizontal hfe-nav-menu-layout horizontal hfe-pointer__none\" data-layout=\"horizontal\">\n\t\t\t\t<div role=\"button\" class=\"hfe-nav-menu__toggle elementor-clickable\" tabindex=\"0\" aria-label=\"Menu Toggle\">\n\t\t\t\t\t<span class=\"screen-reader-text\">Menu<\/span>\n\t\t\t\t\t<div class=\"hfe-nav-menu-icon\">\n\t\t\t\t\t\t<i aria-hidden=\"true\"  class=\"fas fa-align-justify\"><\/i>\t\t\t\t\t<\/div>\n\t\t\t\t<\/div>\n\t\t\t\t<nav class=\"hfe-nav-menu__layout-horizontal hfe-nav-menu__submenu-arrow\" data-toggle-icon=\"&lt;i aria-hidden=&quot;true&quot; tabindex=&quot;0&quot; class=&quot;fas fa-align-justify&quot;&gt;&lt;\/i&gt;\" data-close-icon=\"&lt;i aria-hidden=&quot;true&quot; tabindex=&quot;0&quot; class=&quot;far fa-window-close&quot;&gt;&lt;\/i&gt;\" data-full-width=\"yes\">\n\t\t\t\t\t<ul id=\"menu-1-28a2cb8\" class=\"hfe-nav-menu\"><li id=\"menu-item-197\" class=\"menu-item menu-item-type-custom menu-item-object-custom menu-item-home menu-item-has-children parent hfe-has-submenu hfe-creative-menu\"><div class=\"hfe-has-submenu-container\" tabindex=\"0\" role=\"button\" aria-haspopup=\"true\" aria-expanded=\"false\"><a href=\"https:\/\/bonici-sculpture.com\/\" class = \"hfe-menu-item\">Accueil<span class='hfe-menu-toggle sub-arrow hfe-menu-child-0'><i class='fa'><\/i><\/span><\/a><\/div>\n<ul class=\"sub-menu\">\n\t<li id=\"menu-item-198\" class=\"menu-item menu-item-type-post_type menu-item-object-page hfe-creative-menu\"><a href=\"https:\/\/bonici-sculpture.com\/index.php\/bronzes\/\" class = \"hfe-sub-menu-item\">Oeuvres<\/a><\/li>\n\t<li id=\"menu-item-202\" class=\"menu-item menu-item-type-post_type menu-item-object-page hfe-creative-menu\"><a href=\"https:\/\/bonici-sculpture.com\/index.php\/lartiste\/\" class = \"hfe-sub-menu-item\">L\u2019artiste<\/a><\/li>\n\t<li id=\"menu-item-201\" class=\"menu-item menu-item-type-post_type menu-item-object-page hfe-creative-menu\"><a href=\"https:\/\/bonici-sculpture.com\/index.php\/contact\/\" class = \"hfe-sub-menu-item\">Contact<\/a><\/li>\n\t<li id=\"menu-item-2617\" class=\"menu-item menu-item-type-post_type menu-item-object-page hfe-creative-menu\"><a href=\"https:\/\/bonici-sculpture.com\/index.php\/evenements\/\" class = \"hfe-sub-menu-item\">Agenda &#038; Distinctions<\/a><\/li>\n<\/ul>\n<\/li>\n<\/ul> \n\t\t\t\t<\/nav>\n\t\t\t<\/div>\n\t\t\t\t\t\t\t<\/div>\n\t\t\t\t<\/div>\n\t\t\t\t\t<\/div>\n\t\t<\/div>\n\t\t\t\t\t<\/div>\n\t\t<\/section>\n\t\t\t\t<section class=\"elementor-section elementor-top-section elementor-element elementor-element-cd1e39f elementor-section-boxed elementor-section-height-default elementor-section-height-default\" data-id=\"cd1e39f\" data-element_type=\"section\">\n\t\t\t\t\t\t<div class=\"elementor-container elementor-column-gap-default\">\n\t\t\t\t\t<div class=\"elementor-column elementor-col-100 elementor-top-column elementor-element elementor-element-a93ffc3\" data-id=\"a93ffc3\" data-element_type=\"column\">\n\t\t\t<div class=\"elementor-widget-wrap elementor-element-populated\">\n\t\t\t\t\t\t<div class=\"elementor-element elementor-element-e8a3f73 elementor-widget elementor-widget-text-editor\" data-id=\"e8a3f73\" data-element_type=\"widget\" data-widget_type=\"text-editor.default\">\n\t\t\t\t<div class=\"elementor-widget-container\">\n\t\t\t\t\t\t\t\t\t<p><strong>AGENDA &amp; DISTINCTIONS<\/strong><\/p>\t\t\t\t\t\t\t\t<\/div>\n\t\t\t\t<\/div>\n\t\t\t\t\t<\/div>\n\t\t<\/div>\n\t\t\t\t\t<\/div>\n\t\t<\/section>\n\t\t\t\t<section class=\"elementor-section elementor-top-section elementor-element elementor-element-0f96ead elementor-section-boxed elementor-section-height-default elementor-section-height-default\" data-id=\"0f96ead\" data-element_type=\"section\">\n\t\t\t\t\t\t<div class=\"elementor-container elementor-column-gap-default\">\n\t\t\t\t\t<div class=\"elementor-column elementor-col-100 elementor-top-column elementor-element elementor-element-3f5869e\" data-id=\"3f5869e\" data-element_type=\"column\">\n\t\t\t<div class=\"elementor-widget-wrap elementor-element-populated\">\n\t\t\t\t\t\t<div class=\"elementor-element elementor-element-8edcd2c elementor-widget elementor-widget-image\" data-id=\"8edcd2c\" data-element_type=\"widget\" data-widget_type=\"image.default\">\n\t\t\t\t<div class=\"elementor-widget-container\">\n\t\t\t\t\t\t\t\t\t\t\t\t\t\t\t<img fetchpriority=\"high\" decoding=\"async\" width=\"800\" height=\"567\" src=\"https:\/\/bonici-sculpture.com\/wp-content\/uploads\/2024\/12\/IMG_2072-1024x726.jpeg\" class=\"attachment-large size-large wp-image-2613\" alt=\"\" srcset=\"https:\/\/bonici-sculpture.com\/wp-content\/uploads\/2024\/12\/IMG_2072-1024x726.jpeg 1024w, https:\/\/bonici-sculpture.com\/wp-content\/uploads\/2024\/12\/IMG_2072-300x213.jpeg 300w, https:\/\/bonici-sculpture.com\/wp-content\/uploads\/2024\/12\/IMG_2072-768x545.jpeg 768w, https:\/\/bonici-sculpture.com\/wp-content\/uploads\/2024\/12\/IMG_2072-1536x1090.jpeg 1536w, https:\/\/bonici-sculpture.com\/wp-content\/uploads\/2024\/12\/IMG_2072-2048x1453.jpeg 2048w\" sizes=\"(max-width: 800px) 100vw, 800px\" \/>\t\t\t\t\t\t\t\t\t\t\t\t\t\t\t<\/div>\n\t\t\t\t<\/div>\n\t\t\t\t\t<\/div>\n\t\t<\/div>\n\t\t\t\t\t<\/div>\n\t\t<\/section>\n\t\t\t\t<section class=\"elementor-section elementor-top-section elementor-element elementor-element-3031acd elementor-section-boxed elementor-section-height-default elementor-section-height-default\" data-id=\"3031acd\" data-element_type=\"section\">\n\t\t\t\t\t\t<div class=\"elementor-container elementor-column-gap-default\">\n\t\t\t\t\t<div class=\"elementor-column elementor-col-100 elementor-top-column elementor-element elementor-element-a473de2\" data-id=\"a473de2\" data-element_type=\"column\">\n\t\t\t<div class=\"elementor-widget-wrap\">\n\t\t\t\t\t\t\t<\/div>\n\t\t<\/div>\n\t\t\t\t\t<\/div>\n\t\t<\/section>\n\t\t\t\t<section class=\"elementor-section elementor-top-section elementor-element elementor-element-df6e439 elementor-section-boxed elementor-section-height-default elementor-section-height-default\" data-id=\"df6e439\" data-element_type=\"section\">\n\t\t\t\t\t\t<div class=\"elementor-container elementor-column-gap-default\">\n\t\t\t\t\t<div class=\"elementor-column elementor-col-100 elementor-top-column elementor-element elementor-element-7eb4e14\" data-id=\"7eb4e14\" data-element_type=\"column\">\n\t\t\t<div class=\"elementor-widget-wrap elementor-element-populated\">\n\t\t\t\t\t\t<div class=\"elementor-element elementor-element-502c21d elementor-widget elementor-widget-text-editor\" data-id=\"502c21d\" data-element_type=\"widget\" data-widget_type=\"text-editor.default\">\n\t\t\t\t<div class=\"elementor-widget-container\">\n\t\t\t\t\t\t\t\t\t<p><strong>Distinctions:<\/strong><\/p><p>Septembre 2025, 2\u00e8me prix de sculpture, Salon de Saint Mand\u00e9 (Association Nationale des Artistes Fran\u00e7ais)<\/p><p>M\u00e9daille d&#8217;argent 2025 de l&#8217;Acad\u00e9mie des Arts, Sciences et Lettres<\/p><p><strong>Expos et salons d\u00e9j\u00e0 programm\u00e9s 2026:<\/strong><\/p><p>31 octobre au 15 novembre, Biennale du Salon d&#8217;Art contemporain, Saint Brisson sur Loire<\/p><p>Octobre, Salon de l&#8217;ANAF, Saint Mand\u00e9<\/p><p>3 au 26 octobre, Salon d&#8217;Automne International de Lun\u00e9ville<\/p><p>26 septembre au 4 octobre, 6\u00e8me biennale Lions Art Sologne, Salbris<\/p><p>5 et 6 septembre, Festival international Art et Patrimoine, Luxeuil-les-Bains, <span style=\"text-decoration: underline;\">&#8220;Invit\u00e9e Grande Signature&#8221;<\/span><\/p><p>1er au 30 ao\u00fbt, Galerie Sablon d&#8217;Art \u00e0 Bruxelles, <span style=\"text-decoration: underline;\">&#8220;invit\u00e9e&#8221;<\/span><\/p><p>4 au 11 juillet, Biennale Interactive de Sculpture Contemporaine en Bourgogne, Domaine du ch\u00e2teau Philippe le Hardi, Santenay<\/p><p>13 juin au 12 juillet, galerie Victor Hugo, Amboise<\/p><p>29 au 31 mai, Salon des Beaux-Arts de Luxembourg, Montdorf les Bains<\/p><p>20 au 25 mai, Salon de Printemps, Art et Amiti\u00e9 Senlis<\/p><p>4 au 31 mai, Parc Floral de Paris, Cercle des Artistes Fran\u00e7ais<\/p><p>13 au 15 f\u00e9vrier, &#8220;Salon des Artistes Fran\u00e7ais&#8221; dans le cadre d&#8217; &#8220;Art Capital&#8221; , Grand Palais, Paris<\/p><p><strong>Expos et salons 2025:<\/strong><\/p><p>22 Octobre au 2 novembre, Salon d&#8217;Automne, Champs Elys\u00e9es, Paris<\/p><p>23 octobre au 2 novembre,Salon National de Peinture et Sculpture, St Cyr au Mont d&#8217;Or, Lyon<\/p><p>25 septembre au 5 octobre, Salon de l&#8217;ANAF, Saint Mand\u00e9\u00a0<\/p><p>22 ao\u00fbt au 3 septembre, Exposition de &#8220;l&#8217;Atelier&#8221;, Chapelle de l&#8217;Oratoire, Beaune<\/p><p>12 au 27 juillet, Art&#8217;East Vittel, salon international de Peinture, Sculpture et Photo, Vittel<\/p><p>26 avril au 4 mai, &#8220;Salon International Arts et Peinture&#8221;, Bourges<\/p><p>12 au 27 avril, &#8220;Salon des Artistes&#8221;, Fontaine les Dijon<\/p><p>19 au 22 f\u00e9vrier, &#8220;Salon des Artistes Fran\u00e7ais&#8221; dans le cadre d&#8217; &#8220;Art Capital&#8221;, Grand Palais champ Elys\u00e9es, Paris<\/p><p><strong>Expos et salons 2024 :\u00a0<\/strong><\/p><p>Novembre, &#8220;D&#8217;Encre et de Bronze&#8221;, H\u00f4tel Vog\u00fc\u00e9, Dijon<\/p><p>Octobre, Salon de Sculpture &#8220;Terre et Flamme&#8221;, Chantepie (Rennes)<\/p><p>Septembre, &#8220;Salon de l&#8217;ANAF&#8221; de Saint Mand\u00e9 (J&#8217;y ai re\u00e7u le prix sculpture Arts-Sciences et Lettres)<\/p><p>Juin, &#8220;Biennale Interactive de Sculpture Contemporaine en Bourgogne&#8221;, Nolay<\/p><p>Avril, &#8220;Journ\u00e9es Europ\u00e9ennes Artistes et Artisans d&#8217;Art&#8221;, Dijon<\/p><p><strong>Ann\u00e9es pr\u00e9c\u00e9dentes :<\/strong><\/p><p>Expos &#8220;Galerie Open Art&#8221;, Dijon<\/p><p>Expo &#8220;Les Belv\u00e9siennes&#8221;, B\u00e9vy<\/p><p>&#8220;Journ\u00e9es Europ\u00e9ennes Artistes et Artisans d&#8217;Art&#8221;, Dijon<\/p><p>Expo &#8220;Entre R\u00eave et R\u00e9alit\u00e9&#8221;, Dijon&#8221;<\/p>\t\t\t\t\t\t\t\t<\/div>\n\t\t\t\t<\/div>\n\t\t\t\t\t<\/div>\n\t\t<\/div>\n\t\t\t\t\t<\/div>\n\t\t<\/section>\n\t\t\t\t<\/div>\n\t\t","protected":false},"excerpt":{"rendered":"<p>\u00a0 \u00a0 \u00a0 \u00a0 \u00a0Anita Bonici Menu Accueil Oeuvres L\u2019artiste Contact Agenda &#038; Distinctions AGENDA &amp; DISTINCTIONS Distinctions: Septembre 2025, 2\u00e8me prix de sculpture, Salon de Saint Mand\u00e9 (Association Nationale des Artistes Fran\u00e7ais) M\u00e9daille d&#8217;argent 2025 de l&#8217;Acad\u00e9mie des Arts, Sciences et Lettres Expos et salons d\u00e9j\u00e0 programm\u00e9s 2026: 31 octobre au 15 novembre, Biennale [&hellip;]<\/p>\n","protected":false},"author":1,"featured_media":0,"parent":0,"menu_order":0,"comment_status":"closed","ping_status":"closed","template":"elementor_canvas","meta":{"_eb_attr":"","footnotes":""},"class_list":["post-2598","page","type-page","status-publish","hentry"],"_links":{"self":[{"href":"https:\/\/bonici-sculpture.com\/index.php\/wp-json\/wp\/v2\/pages\/2598","targetHints":{"allow":["GET"]}}],"collection":[{"href":"https:\/\/bonici-sculpture.com\/index.php\/wp-json\/wp\/v2\/pages"}],"about":[{"href":"https:\/\/bonici-sculpture.com\/index.php\/wp-json\/wp\/v2\/types\/page"}],"author":[{"embeddable":true,"href":"https:\/\/bonici-sculpture.com\/index.php\/wp-json\/wp\/v2\/users\/1"}],"replies":[{"embeddable":true,"href":"https:\/\/bonici-sculpture.com\/index.php\/wp-json\/wp\/v2\/comments?post=2598"}],"version-history":[{"count":101,"href":"https:\/\/bonici-sculpture.com\/index.php\/wp-json\/wp\/v2\/pages\/2598\/revisions"}],"predecessor-version":[{"id":3180,"href":"https:\/\/bonici-sculpture.com\/index.php\/wp-json\/wp\/v2\/pages\/2598\/revisions\/3180"}],"wp:attachment":[{"href":"https:\/\/bonici-sculpture.com\/index.php\/wp-json\/wp\/v2\/media?parent=2598"}],"curies":[{"name":"wp","href":"https:\/\/api.w.org\/{rel}","templated":true}]}}