{"id":3041,"date":"2025-10-15T16:59:42","date_gmt":"2025-10-15T16:59:42","guid":{"rendered":"https:\/\/bonici-sculpture.com\/?page_id=3041"},"modified":"2025-10-15T17:50:37","modified_gmt":"2025-10-15T17:50:37","slug":"ici-et-maintenant","status":"publish","type":"page","link":"https:\/\/bonici-sculpture.com\/index.php\/ici-et-maintenant\/","title":{"rendered":"Ici et Maintenant"},"content":{"rendered":"\t\t<div data-elementor-type=\"wp-page\" data-elementor-id=\"3041\" class=\"elementor elementor-3041\">\n\t\t\t\t\t\t<section class=\"elementor-section elementor-top-section elementor-element elementor-element-06bb3c9 elementor-section-boxed elementor-section-height-default elementor-section-height-default\" data-id=\"06bb3c9\" data-element_type=\"section\">\n\t\t\t\t\t\t<div class=\"elementor-container elementor-column-gap-default\">\n\t\t\t\t\t<div class=\"elementor-column elementor-col-100 elementor-top-column elementor-element elementor-element-5a57e0b\" data-id=\"5a57e0b\" data-element_type=\"column\">\n\t\t\t<div class=\"elementor-widget-wrap elementor-element-populated\">\n\t\t\t\t\t\t<div class=\"elementor-element elementor-element-756482c e-transform elementor-widget elementor-widget-button\" data-id=\"756482c\" data-element_type=\"widget\" data-settings=\"{&quot;_transform_scale_effect_tablet&quot;:{&quot;unit&quot;:&quot;px&quot;,&quot;size&quot;:1.1,&quot;sizes&quot;:[]},&quot;_transform_scale_effect&quot;:{&quot;unit&quot;:&quot;px&quot;,&quot;size&quot;:&quot;&quot;,&quot;sizes&quot;:[]},&quot;_transform_scale_effect_mobile&quot;:{&quot;unit&quot;:&quot;px&quot;,&quot;size&quot;:&quot;&quot;,&quot;sizes&quot;:[]}}\" data-widget_type=\"button.default\">\n\t\t\t\t<div class=\"elementor-widget-container\">\n\t\t\t\t\t\t\t\t\t<div class=\"elementor-button-wrapper\">\n\t\t\t\t\t<a class=\"elementor-button elementor-button-link elementor-size-sm\" href=\"https:\/\/bonici-sculpture.com\/index.php\/bronzes\/\">\n\t\t\t\t\t\t<span class=\"elementor-button-content-wrapper\">\n\t\t\t\t\t\t\t\t\t<span class=\"elementor-button-text\">X<\/span>\n\t\t\t\t\t<\/span>\n\t\t\t\t\t<\/a>\n\t\t\t\t<\/div>\n\t\t\t\t\t\t\t\t<\/div>\n\t\t\t\t<\/div>\n\t\t\t\t<div class=\"elementor-element elementor-element-7789da0 elementor-fixed elementor-widget elementor-widget-text-editor\" data-id=\"7789da0\" data-element_type=\"widget\" data-settings=\"{&quot;_position&quot;:&quot;fixed&quot;}\" data-widget_type=\"text-editor.default\">\n\t\t\t\t<div class=\"elementor-widget-container\">\n\t\t\t\t\t\t\t\t\t<h2>\u00a0 \u00a0Ici et Maintenant<\/h2><p>\u00a0 \u00a054 X 47 X 43 cm \u00a0Statue Bronze 2025<\/p><p>\u00a0 \u00a08 P.O. 4 E.A.<\/p>\t\t\t\t\t\t\t\t<\/div>\n\t\t\t\t<\/div>\n\t\t\t\t\t<\/div>\n\t\t<\/div>\n\t\t\t\t\t<\/div>\n\t\t<\/section>\n\t\t\t\t<section class=\"elementor-section elementor-top-section elementor-element elementor-element-9e62a01 elementor-section-boxed elementor-section-height-default elementor-section-height-default\" data-id=\"9e62a01\" data-element_type=\"section\">\n\t\t\t\t\t\t<div class=\"elementor-container elementor-column-gap-default\">\n\t\t\t\t\t<div class=\"elementor-column elementor-col-100 elementor-top-column elementor-element elementor-element-a6a4790\" data-id=\"a6a4790\" data-element_type=\"column\">\n\t\t\t<div class=\"elementor-widget-wrap elementor-element-populated\">\n\t\t\t\t\t\t<div class=\"elementor-element elementor-element-0576f8c e-transform elementor-widget elementor-widget-image\" data-id=\"0576f8c\" data-element_type=\"widget\" data-settings=\"{&quot;_transform_scale_effect&quot;:{&quot;unit&quot;:&quot;px&quot;,&quot;size&quot;:1.1,&quot;sizes&quot;:[]},&quot;_transform_scale_effect_mobile&quot;:{&quot;unit&quot;:&quot;px&quot;,&quot;size&quot;:1.1,&quot;sizes&quot;:[]},&quot;_transform_scale_effect_tablet&quot;:{&quot;unit&quot;:&quot;px&quot;,&quot;size&quot;:&quot;&quot;,&quot;sizes&quot;:[]}}\" data-widget_type=\"image.default\">\n\t\t\t\t<div class=\"elementor-widget-container\">\n\t\t\t\t\t\t\t\t\t\t\t\t\t\t\t<img fetchpriority=\"high\" decoding=\"async\" width=\"669\" height=\"1024\" src=\"https:\/\/bonici-sculpture.com\/wp-content\/uploads\/2025\/10\/Ici-3-669x1024.jpg\" class=\"attachment-large size-large wp-image-3005\" alt=\"\" srcset=\"https:\/\/bonici-sculpture.com\/wp-content\/uploads\/2025\/10\/Ici-3-669x1024.jpg 669w, https:\/\/bonici-sculpture.com\/wp-content\/uploads\/2025\/10\/Ici-3-196x300.jpg 196w, https:\/\/bonici-sculpture.com\/wp-content\/uploads\/2025\/10\/Ici-3-768x1176.jpg 768w, https:\/\/bonici-sculpture.com\/wp-content\/uploads\/2025\/10\/Ici-3-1003x1536.jpg 1003w, https:\/\/bonici-sculpture.com\/wp-content\/uploads\/2025\/10\/Ici-3-1337x2048.jpg 1337w, https:\/\/bonici-sculpture.com\/wp-content\/uploads\/2025\/10\/Ici-3-scaled.jpg 1672w\" sizes=\"(max-width: 669px) 100vw, 669px\" \/>\t\t\t\t\t\t\t\t\t\t\t\t\t\t\t<\/div>\n\t\t\t\t<\/div>\n\t\t\t\t\t<\/div>\n\t\t<\/div>\n\t\t\t\t\t<\/div>\n\t\t<\/section>\n\t\t\t\t<section class=\"elementor-section elementor-top-section elementor-element elementor-element-2da4ef3 elementor-section-boxed elementor-section-height-default elementor-section-height-default\" data-id=\"2da4ef3\" data-element_type=\"section\">\n\t\t\t\t\t\t<div class=\"elementor-container elementor-column-gap-default\">\n\t\t\t\t\t<div class=\"elementor-column elementor-col-100 elementor-top-column elementor-element elementor-element-fda20bd\" data-id=\"fda20bd\" data-element_type=\"column\">\n\t\t\t<div class=\"elementor-widget-wrap elementor-element-populated\">\n\t\t\t\t\t\t<div class=\"elementor-element elementor-element-31fcdd8 e-transform elementor-widget elementor-widget-image\" data-id=\"31fcdd8\" data-element_type=\"widget\" data-settings=\"{&quot;_transform_scale_effect&quot;:{&quot;unit&quot;:&quot;px&quot;,&quot;size&quot;:1.1,&quot;sizes&quot;:[]},&quot;_transform_scale_effect_tablet&quot;:{&quot;unit&quot;:&quot;px&quot;,&quot;size&quot;:&quot;&quot;,&quot;sizes&quot;:[]},&quot;_transform_scale_effect_mobile&quot;:{&quot;unit&quot;:&quot;px&quot;,&quot;size&quot;:&quot;&quot;,&quot;sizes&quot;:[]}}\" data-widget_type=\"image.default\">\n\t\t\t\t<div class=\"elementor-widget-container\">\n\t\t\t\t\t\t\t\t\t\t\t\t\t\t\t<img decoding=\"async\" width=\"800\" height=\"800\" src=\"https:\/\/bonici-sculpture.com\/wp-content\/uploads\/2025\/10\/Ici-4-1024x1024.jpg\" class=\"attachment-large size-large wp-image-3006\" alt=\"\" srcset=\"https:\/\/bonici-sculpture.com\/wp-content\/uploads\/2025\/10\/Ici-4-1024x1024.jpg 1024w, https:\/\/bonici-sculpture.com\/wp-content\/uploads\/2025\/10\/Ici-4-300x300.jpg 300w, https:\/\/bonici-sculpture.com\/wp-content\/uploads\/2025\/10\/Ici-4-150x150.jpg 150w, https:\/\/bonici-sculpture.com\/wp-content\/uploads\/2025\/10\/Ici-4-768x768.jpg 768w, https:\/\/bonici-sculpture.com\/wp-content\/uploads\/2025\/10\/Ici-4-1536x1536.jpg 1536w, https:\/\/bonici-sculpture.com\/wp-content\/uploads\/2025\/10\/Ici-4-2048x2048.jpg 2048w\" sizes=\"(max-width: 800px) 100vw, 800px\" \/>\t\t\t\t\t\t\t\t\t\t\t\t\t\t\t<\/div>\n\t\t\t\t<\/div>\n\t\t\t\t\t<\/div>\n\t\t<\/div>\n\t\t\t\t\t<\/div>\n\t\t<\/section>\n\t\t\t\t<section class=\"elementor-section elementor-top-section elementor-element elementor-element-92da219 elementor-section-boxed elementor-section-height-default elementor-section-height-default\" data-id=\"92da219\" data-element_type=\"section\">\n\t\t\t\t\t\t<div class=\"elementor-container elementor-column-gap-default\">\n\t\t\t\t\t<div class=\"elementor-column elementor-col-100 elementor-top-column elementor-element elementor-element-bf70164\" data-id=\"bf70164\" data-element_type=\"column\">\n\t\t\t<div class=\"elementor-widget-wrap elementor-element-populated\">\n\t\t\t\t\t\t<div class=\"elementor-element elementor-element-78fb39a e-transform elementor-widget elementor-widget-image\" data-id=\"78fb39a\" data-element_type=\"widget\" data-settings=\"{&quot;_transform_scale_effect&quot;:{&quot;unit&quot;:&quot;px&quot;,&quot;size&quot;:1.1,&quot;sizes&quot;:[]},&quot;_transform_scale_effect_mobile&quot;:{&quot;unit&quot;:&quot;px&quot;,&quot;size&quot;:1.3,&quot;sizes&quot;:[]},&quot;_transform_scale_effect_tablet&quot;:{&quot;unit&quot;:&quot;px&quot;,&quot;size&quot;:&quot;&quot;,&quot;sizes&quot;:[]}}\" data-widget_type=\"image.default\">\n\t\t\t\t<div class=\"elementor-widget-container\">\n\t\t\t\t\t\t\t\t\t\t\t\t\t\t\t<img decoding=\"async\" width=\"800\" height=\"835\" src=\"https:\/\/bonici-sculpture.com\/wp-content\/uploads\/2025\/10\/Ici-1-981x1024.jpg\" class=\"attachment-large size-large wp-image-3003\" alt=\"\" srcset=\"https:\/\/bonici-sculpture.com\/wp-content\/uploads\/2025\/10\/Ici-1-981x1024.jpg 981w, https:\/\/bonici-sculpture.com\/wp-content\/uploads\/2025\/10\/Ici-1-287x300.jpg 287w, https:\/\/bonici-sculpture.com\/wp-content\/uploads\/2025\/10\/Ici-1-768x802.jpg 768w, https:\/\/bonici-sculpture.com\/wp-content\/uploads\/2025\/10\/Ici-1-1472x1536.jpg 1472w, https:\/\/bonici-sculpture.com\/wp-content\/uploads\/2025\/10\/Ici-1-1962x2048.jpg 1962w\" sizes=\"(max-width: 800px) 100vw, 800px\" \/>\t\t\t\t\t\t\t\t\t\t\t\t\t\t\t<\/div>\n\t\t\t\t<\/div>\n\t\t\t\t\t<\/div>\n\t\t<\/div>\n\t\t\t\t\t<\/div>\n\t\t<\/section>\n\t\t\t\t<section class=\"elementor-section elementor-top-section elementor-element elementor-element-c6fa051 elementor-section-boxed elementor-section-height-default elementor-section-height-default\" data-id=\"c6fa051\" data-element_type=\"section\">\n\t\t\t\t\t\t<div class=\"elementor-container elementor-column-gap-default\">\n\t\t\t\t\t<div class=\"elementor-column elementor-col-100 elementor-top-column elementor-element elementor-element-83916cf\" data-id=\"83916cf\" data-element_type=\"column\">\n\t\t\t<div class=\"elementor-widget-wrap\">\n\t\t\t\t\t\t\t<\/div>\n\t\t<\/div>\n\t\t\t\t\t<\/div>\n\t\t<\/section>\n\t\t\t\t<section class=\"elementor-section elementor-top-section elementor-element elementor-element-7c2e5c9 elementor-section-boxed elementor-section-height-default elementor-section-height-default\" data-id=\"7c2e5c9\" data-element_type=\"section\">\n\t\t\t\t\t\t<div class=\"elementor-container elementor-column-gap-default\">\n\t\t\t\t\t<div class=\"elementor-column elementor-col-100 elementor-top-column elementor-element elementor-element-b0860ef\" data-id=\"b0860ef\" data-element_type=\"column\">\n\t\t\t<div class=\"elementor-widget-wrap elementor-element-populated\">\n\t\t\t\t\t\t<div class=\"elementor-element elementor-element-6c17f32 e-transform elementor-widget elementor-widget-image\" data-id=\"6c17f32\" data-element_type=\"widget\" data-settings=\"{&quot;_transform_scale_effect&quot;:{&quot;unit&quot;:&quot;px&quot;,&quot;size&quot;:1.1,&quot;sizes&quot;:[]},&quot;_transform_scale_effect_tablet&quot;:{&quot;unit&quot;:&quot;px&quot;,&quot;size&quot;:&quot;&quot;,&quot;sizes&quot;:[]},&quot;_transform_scale_effect_mobile&quot;:{&quot;unit&quot;:&quot;px&quot;,&quot;size&quot;:&quot;&quot;,&quot;sizes&quot;:[]}}\" data-widget_type=\"image.default\">\n\t\t\t\t<div class=\"elementor-widget-container\">\n\t\t\t\t\t\t\t\t\t\t\t\t\t\t\t<img loading=\"lazy\" decoding=\"async\" width=\"800\" height=\"800\" src=\"https:\/\/bonici-sculpture.com\/wp-content\/uploads\/2025\/10\/Ici-2-1024x1024.jpg\" class=\"attachment-large size-large wp-image-3004\" alt=\"\" srcset=\"https:\/\/bonici-sculpture.com\/wp-content\/uploads\/2025\/10\/Ici-2-1024x1024.jpg 1024w, https:\/\/bonici-sculpture.com\/wp-content\/uploads\/2025\/10\/Ici-2-300x300.jpg 300w, https:\/\/bonici-sculpture.com\/wp-content\/uploads\/2025\/10\/Ici-2-150x150.jpg 150w, https:\/\/bonici-sculpture.com\/wp-content\/uploads\/2025\/10\/Ici-2-768x768.jpg 768w, https:\/\/bonici-sculpture.com\/wp-content\/uploads\/2025\/10\/Ici-2-1536x1536.jpg 1536w, https:\/\/bonici-sculpture.com\/wp-content\/uploads\/2025\/10\/Ici-2-2048x2048.jpg 2048w\" sizes=\"(max-width: 800px) 100vw, 800px\" \/>\t\t\t\t\t\t\t\t\t\t\t\t\t\t\t<\/div>\n\t\t\t\t<\/div>\n\t\t\t\t\t<\/div>\n\t\t<\/div>\n\t\t\t\t\t<\/div>\n\t\t<\/section>\n\t\t\t\t<section class=\"elementor-section elementor-top-section elementor-element elementor-element-28d9261 elementor-section-boxed elementor-section-height-default elementor-section-height-default\" data-id=\"28d9261\" data-element_type=\"section\">\n\t\t\t\t\t\t<div class=\"elementor-container elementor-column-gap-default\">\n\t\t\t\t\t<div class=\"elementor-column elementor-col-100 elementor-top-column elementor-element elementor-element-1351a84\" data-id=\"1351a84\" data-element_type=\"column\">\n\t\t\t<div class=\"elementor-widget-wrap elementor-element-populated\">\n\t\t\t\t\t\t<div class=\"elementor-element elementor-element-0eebd39 elementor-fixed e-transform elementor-widget elementor-widget-image\" data-id=\"0eebd39\" data-element_type=\"widget\" data-settings=\"{&quot;_position&quot;:&quot;fixed&quot;,&quot;_transform_scale_effect_mobile&quot;:{&quot;unit&quot;:&quot;px&quot;,&quot;size&quot;:0.6,&quot;sizes&quot;:[]},&quot;_transform_scale_effect&quot;:{&quot;unit&quot;:&quot;px&quot;,&quot;size&quot;:&quot;&quot;,&quot;sizes&quot;:[]},&quot;_transform_scale_effect_tablet&quot;:{&quot;unit&quot;:&quot;px&quot;,&quot;size&quot;:&quot;&quot;,&quot;sizes&quot;:[]}}\" data-widget_type=\"image.default\">\n\t\t\t\t<div class=\"elementor-widget-container\">\n\t\t\t\t\t\t\t\t\t\t\t\t\t\t\t<img loading=\"lazy\" decoding=\"async\" width=\"300\" height=\"153\" src=\"https:\/\/bonici-sculpture.com\/wp-content\/uploads\/2023\/08\/output-onlinepngtools-300x153.png\" class=\"attachment-medium size-medium wp-image-357\" alt=\"\" srcset=\"https:\/\/bonici-sculpture.com\/wp-content\/uploads\/2023\/08\/output-onlinepngtools-300x153.png 300w, https:\/\/bonici-sculpture.com\/wp-content\/uploads\/2023\/08\/output-onlinepngtools-1024x523.png 1024w, https:\/\/bonici-sculpture.com\/wp-content\/uploads\/2023\/08\/output-onlinepngtools-768x392.png 768w, https:\/\/bonici-sculpture.com\/wp-content\/uploads\/2023\/08\/output-onlinepngtools-1536x784.png 1536w, https:\/\/bonici-sculpture.com\/wp-content\/uploads\/2023\/08\/output-onlinepngtools-2048x1046.png 2048w\" sizes=\"(max-width: 300px) 100vw, 300px\" \/>\t\t\t\t\t\t\t\t\t\t\t\t\t\t\t<\/div>\n\t\t\t\t<\/div>\n\t\t\t\t\t<\/div>\n\t\t<\/div>\n\t\t\t\t\t<\/div>\n\t\t<\/section>\n\t\t\t\t<section class=\"elementor-section elementor-top-section elementor-element elementor-element-a2bb17a elementor-section-boxed elementor-section-height-default elementor-section-height-default\" data-id=\"a2bb17a\" data-element_type=\"section\">\n\t\t\t\t\t\t<div class=\"elementor-container elementor-column-gap-default\">\n\t\t\t\t\t<div class=\"elementor-column elementor-col-100 elementor-top-column elementor-element elementor-element-4630e9f\" data-id=\"4630e9f\" data-element_type=\"column\">\n\t\t\t<div class=\"elementor-widget-wrap\">\n\t\t\t\t\t\t\t<\/div>\n\t\t<\/div>\n\t\t\t\t\t<\/div>\n\t\t<\/section>\n\t\t\t\t<section class=\"elementor-section elementor-top-section elementor-element elementor-element-835c5c2 elementor-section-boxed elementor-section-height-default elementor-section-height-default\" data-id=\"835c5c2\" data-element_type=\"section\">\n\t\t\t\t\t\t<div class=\"elementor-container elementor-column-gap-default\">\n\t\t\t\t\t<div class=\"elementor-column elementor-col-100 elementor-top-column elementor-element elementor-element-4d11d59\" data-id=\"4d11d59\" data-element_type=\"column\">\n\t\t\t<div class=\"elementor-widget-wrap elementor-element-populated\">\n\t\t\t\t\t\t<div class=\"elementor-element elementor-element-d60a3a6 elementor-widget-mobile__width-auto elementor-hidden-desktop elementor-hidden-tablet elementor-widget elementor-widget-button\" data-id=\"d60a3a6\" data-element_type=\"widget\" data-widget_type=\"button.default\">\n\t\t\t\t<div class=\"elementor-widget-container\">\n\t\t\t\t\t\t\t\t\t<div class=\"elementor-button-wrapper\">\n\t\t\t\t\t<a class=\"elementor-button elementor-button-link elementor-size-sm\" href=\"https:\/\/bonici-sculpture.com\/index.php\/novice\/\">\n\t\t\t\t\t\t<span class=\"elementor-button-content-wrapper\">\n\t\t\t\t\t\t\t\t\t<span class=\"elementor-button-text\">&lt; Pr\u00e9c\u00e9dent<\/span>\n\t\t\t\t\t<\/span>\n\t\t\t\t\t<\/a>\n\t\t\t\t<\/div>\n\t\t\t\t\t\t\t\t<\/div>\n\t\t\t\t<\/div>\n\t\t\t\t<div class=\"elementor-element elementor-element-9c99277 elementor-widget-mobile__width-auto elementor-hidden-desktop elementor-hidden-tablet elementor-widget elementor-widget-button\" data-id=\"9c99277\" data-element_type=\"widget\" data-widget_type=\"button.default\">\n\t\t\t\t<div class=\"elementor-widget-container\">\n\t\t\t\t\t\t\t\t\t<div class=\"elementor-button-wrapper\">\n\t\t\t\t\t<a class=\"elementor-button elementor-button-link elementor-size-sm\" href=\"https:\/\/bonici-sculpture.com\/index.php\/gratitude\/\">\n\t\t\t\t\t\t<span class=\"elementor-button-content-wrapper\">\n\t\t\t\t\t\t\t\t\t<span class=\"elementor-button-text\">    Suivant  &gt;       <\/span>\n\t\t\t\t\t<\/span>\n\t\t\t\t\t<\/a>\n\t\t\t\t<\/div>\n\t\t\t\t\t\t\t\t<\/div>\n\t\t\t\t<\/div>\n\t\t\t\t\t<\/div>\n\t\t<\/div>\n\t\t\t\t\t<\/div>\n\t\t<\/section>\n\t\t\t\t<section class=\"elementor-section elementor-top-section elementor-element elementor-element-7da17c2 elementor-section-boxed elementor-section-height-default elementor-section-height-default\" data-id=\"7da17c2\" data-element_type=\"section\">\n\t\t\t\t\t\t<div class=\"elementor-container elementor-column-gap-default\">\n\t\t\t\t\t<div class=\"elementor-column elementor-col-100 elementor-top-column elementor-element elementor-element-7fb435d\" data-id=\"7fb435d\" data-element_type=\"column\">\n\t\t\t<div class=\"elementor-widget-wrap\">\n\t\t\t\t\t\t\t<\/div>\n\t\t<\/div>\n\t\t\t\t\t<\/div>\n\t\t<\/section>\n\t\t\t\t<section class=\"elementor-section elementor-top-section elementor-element elementor-element-9c122bc elementor-section-boxed elementor-section-height-default elementor-section-height-default\" data-id=\"9c122bc\" data-element_type=\"section\">\n\t\t\t\t\t\t<div class=\"elementor-container elementor-column-gap-default\">\n\t\t\t\t\t<div class=\"elementor-column elementor-col-100 elementor-top-column elementor-element elementor-element-f3f5352\" data-id=\"f3f5352\" data-element_type=\"column\">\n\t\t\t<div class=\"elementor-widget-wrap elementor-element-populated\">\n\t\t\t\t\t\t<div class=\"elementor-element elementor-element-f9fc657 elementor-widget__width-auto elementor-fixed elementor-hidden-mobile elementor-widget elementor-widget-button\" data-id=\"f9fc657\" data-element_type=\"widget\" data-settings=\"{&quot;_position&quot;:&quot;fixed&quot;}\" data-widget_type=\"button.default\">\n\t\t\t\t<div class=\"elementor-widget-container\">\n\t\t\t\t\t\t\t\t\t<div class=\"elementor-button-wrapper\">\n\t\t\t\t\t<a class=\"elementor-button elementor-button-link elementor-size-sm\" href=\"https:\/\/bonici-sculpture.com\/index.php\/novice\/\">\n\t\t\t\t\t\t<span class=\"elementor-button-content-wrapper\">\n\t\t\t\t\t\t\t\t\t<span class=\"elementor-button-text\">&lt; Oeuvre pr\u00e9c\u00e9dente<\/span>\n\t\t\t\t\t<\/span>\n\t\t\t\t\t<\/a>\n\t\t\t\t<\/div>\n\t\t\t\t\t\t\t\t<\/div>\n\t\t\t\t<\/div>\n\t\t\t\t<div class=\"elementor-element elementor-element-6a5dcc1 elementor-align-right elementor-widget__width-auto elementor-fixed elementor-hidden-mobile elementor-widget elementor-widget-button\" data-id=\"6a5dcc1\" data-element_type=\"widget\" data-settings=\"{&quot;_position&quot;:&quot;fixed&quot;}\" data-widget_type=\"button.default\">\n\t\t\t\t<div class=\"elementor-widget-container\">\n\t\t\t\t\t\t\t\t\t<div class=\"elementor-button-wrapper\">\n\t\t\t\t\t<a class=\"elementor-button elementor-button-link elementor-size-sm\" href=\"https:\/\/bonici-sculpture.com\/index.php\/gratitude\/\">\n\t\t\t\t\t\t<span class=\"elementor-button-content-wrapper\">\n\t\t\t\t\t\t\t\t\t<span class=\"elementor-button-text\">Oeuvre  suivante &gt;<\/span>\n\t\t\t\t\t<\/span>\n\t\t\t\t\t<\/a>\n\t\t\t\t<\/div>\n\t\t\t\t\t\t\t\t<\/div>\n\t\t\t\t<\/div>\n\t\t\t\t\t<\/div>\n\t\t<\/div>\n\t\t\t\t\t<\/div>\n\t\t<\/section>\n\t\t\t\t<section class=\"elementor-section elementor-top-section elementor-element elementor-element-2867505 elementor-section-boxed elementor-section-height-default elementor-section-height-default\" data-id=\"2867505\" data-element_type=\"section\">\n\t\t\t\t\t\t<div class=\"elementor-container elementor-column-gap-default\">\n\t\t\t\t\t<div class=\"elementor-column elementor-col-100 elementor-top-column elementor-element elementor-element-0582c6a\" data-id=\"0582c6a\" data-element_type=\"column\">\n\t\t\t<div class=\"elementor-widget-wrap\">\n\t\t\t\t\t\t\t<\/div>\n\t\t<\/div>\n\t\t\t\t\t<\/div>\n\t\t<\/section>\n\t\t\t\t<\/div>\n\t\t","protected":false},"excerpt":{"rendered":"<p>X \u00a0 \u00a0Ici et Maintenant \u00a0 \u00a054 X 47 X 43 cm \u00a0Statue Bronze 2025 \u00a0 \u00a08 P.O. 4 E.A. &lt; Pr\u00e9c\u00e9dent Suivant &gt; &lt; Oeuvre pr\u00e9c\u00e9dente Oeuvre suivante &gt;<\/p>\n","protected":false},"author":1,"featured_media":0,"parent":0,"menu_order":0,"comment_status":"closed","ping_status":"closed","template":"elementor_canvas","meta":{"_eb_attr":"","footnotes":""},"class_list":["post-3041","page","type-page","status-publish","hentry"],"_links":{"self":[{"href":"https:\/\/bonici-sculpture.com\/index.php\/wp-json\/wp\/v2\/pages\/3041","targetHints":{"allow":["GET"]}}],"collection":[{"href":"https:\/\/bonici-sculpture.com\/index.php\/wp-json\/wp\/v2\/pages"}],"about":[{"href":"https:\/\/bonici-sculpture.com\/index.php\/wp-json\/wp\/v2\/types\/page"}],"author":[{"embeddable":true,"href":"https:\/\/bonici-sculpture.com\/index.php\/wp-json\/wp\/v2\/users\/1"}],"replies":[{"embeddable":true,"href":"https:\/\/bonici-sculpture.com\/index.php\/wp-json\/wp\/v2\/comments?post=3041"}],"version-history":[{"count":19,"href":"https:\/\/bonici-sculpture.com\/index.php\/wp-json\/wp\/v2\/pages\/3041\/revisions"}],"predecessor-version":[{"id":3119,"href":"https:\/\/bonici-sculpture.com\/index.php\/wp-json\/wp\/v2\/pages\/3041\/revisions\/3119"}],"wp:attachment":[{"href":"https:\/\/bonici-sculpture.com\/index.php\/wp-json\/wp\/v2\/media?parent=3041"}],"curies":[{"name":"wp","href":"https:\/\/api.w.org\/{rel}","templated":true}]}}