{"id":57,"date":"2023-08-09T10:58:00","date_gmt":"2023-08-09T10:58:00","guid":{"rendered":"https:\/\/bonici-sculpture.com\/?page_id=57"},"modified":"2024-11-22T08:43:12","modified_gmt":"2024-11-22T08:43:12","slug":"magistrat","status":"publish","type":"page","link":"https:\/\/bonici-sculpture.com\/index.php\/magistrat\/","title":{"rendered":"Magistrat"},"content":{"rendered":"\t\t<div data-elementor-type=\"wp-page\" data-elementor-id=\"57\" class=\"elementor elementor-57\">\n\t\t\t\t\t\t<section class=\"elementor-section elementor-top-section elementor-element elementor-element-7aeda11 elementor-section-boxed elementor-section-height-default elementor-section-height-default\" data-id=\"7aeda11\" data-element_type=\"section\">\n\t\t\t\t\t\t<div class=\"elementor-container elementor-column-gap-default\">\n\t\t\t\t\t<div class=\"elementor-column elementor-col-100 elementor-top-column elementor-element elementor-element-e03fdf3\" data-id=\"e03fdf3\" data-element_type=\"column\">\n\t\t\t<div class=\"elementor-widget-wrap elementor-element-populated\">\n\t\t\t\t\t\t<div class=\"elementor-element elementor-element-3d4b6d0 e-transform elementor-widget elementor-widget-button\" data-id=\"3d4b6d0\" data-element_type=\"widget\" data-settings=\"{&quot;_transform_scale_effect_tablet&quot;:{&quot;unit&quot;:&quot;px&quot;,&quot;size&quot;:1.1,&quot;sizes&quot;:[]},&quot;_transform_scale_effect&quot;:{&quot;unit&quot;:&quot;px&quot;,&quot;size&quot;:&quot;&quot;,&quot;sizes&quot;:[]},&quot;_transform_scale_effect_mobile&quot;:{&quot;unit&quot;:&quot;px&quot;,&quot;size&quot;:&quot;&quot;,&quot;sizes&quot;:[]}}\" data-widget_type=\"button.default\">\n\t\t\t\t<div class=\"elementor-widget-container\">\n\t\t\t\t\t\t\t\t\t<div class=\"elementor-button-wrapper\">\n\t\t\t\t\t<a class=\"elementor-button elementor-button-link elementor-size-sm\" href=\"https:\/\/bonici-sculpture.com\/index.php\/bronzes\/\">\n\t\t\t\t\t\t<span class=\"elementor-button-content-wrapper\">\n\t\t\t\t\t\t\t\t\t<span class=\"elementor-button-text\">X<\/span>\n\t\t\t\t\t<\/span>\n\t\t\t\t\t<\/a>\n\t\t\t\t<\/div>\n\t\t\t\t\t\t\t\t<\/div>\n\t\t\t\t<\/div>\n\t\t\t\t<div class=\"elementor-element elementor-element-90cdb24 elementor-fixed elementor-widget elementor-widget-text-editor\" data-id=\"90cdb24\" data-element_type=\"widget\" data-settings=\"{&quot;_position&quot;:&quot;fixed&quot;}\" data-widget_type=\"text-editor.default\">\n\t\t\t\t<div class=\"elementor-widget-container\">\n\t\t\t\t\t\t\t\t\t<h2>\u00a0 Magistrat<\/h2><p>\u00a0 \u00a030 X 23 X 18 cm \u00a0Buste Bronze 2021<\/p><p>\u00a0 \u00a08 P.O. 4 E.A.<\/p>\t\t\t\t\t\t\t\t<\/div>\n\t\t\t\t<\/div>\n\t\t\t\t\t<\/div>\n\t\t<\/div>\n\t\t\t\t\t<\/div>\n\t\t<\/section>\n\t\t\t\t<section class=\"elementor-section elementor-top-section elementor-element elementor-element-27357ba elementor-section-boxed elementor-section-height-default elementor-section-height-default\" data-id=\"27357ba\" data-element_type=\"section\">\n\t\t\t\t\t\t<div class=\"elementor-container elementor-column-gap-default\">\n\t\t\t\t\t<div class=\"elementor-column elementor-col-100 elementor-top-column elementor-element elementor-element-f278be8\" data-id=\"f278be8\" data-element_type=\"column\">\n\t\t\t<div class=\"elementor-widget-wrap elementor-element-populated\">\n\t\t\t\t\t\t<div class=\"elementor-element elementor-element-fab3c00 e-transform elementor-widget elementor-widget-image\" data-id=\"fab3c00\" data-element_type=\"widget\" data-settings=\"{&quot;_transform_scale_effect&quot;:{&quot;unit&quot;:&quot;px&quot;,&quot;size&quot;:1.1,&quot;sizes&quot;:[]},&quot;_transform_scale_effect_mobile&quot;:{&quot;unit&quot;:&quot;px&quot;,&quot;size&quot;:1.1,&quot;sizes&quot;:[]},&quot;_transform_scale_effect_tablet&quot;:{&quot;unit&quot;:&quot;px&quot;,&quot;size&quot;:&quot;&quot;,&quot;sizes&quot;:[]}}\" data-widget_type=\"image.default\">\n\t\t\t\t<div class=\"elementor-widget-container\">\n\t\t\t\t\t\t\t\t\t\t\t\t\t\t\t<img fetchpriority=\"high\" decoding=\"async\" width=\"800\" height=\"800\" src=\"https:\/\/bonici-sculpture.com\/wp-content\/uploads\/2023\/08\/Magistrat-1-1024x1024.jpeg\" class=\"attachment-large size-large wp-image-315\" alt=\"\" srcset=\"https:\/\/bonici-sculpture.com\/wp-content\/uploads\/2023\/08\/Magistrat-1-1024x1024.jpeg 1024w, https:\/\/bonici-sculpture.com\/wp-content\/uploads\/2023\/08\/Magistrat-1-300x300.jpeg 300w, https:\/\/bonici-sculpture.com\/wp-content\/uploads\/2023\/08\/Magistrat-1-150x150.jpeg 150w, https:\/\/bonici-sculpture.com\/wp-content\/uploads\/2023\/08\/Magistrat-1-768x768.jpeg 768w, https:\/\/bonici-sculpture.com\/wp-content\/uploads\/2023\/08\/Magistrat-1-1536x1536.jpeg 1536w, https:\/\/bonici-sculpture.com\/wp-content\/uploads\/2023\/08\/Magistrat-1-2048x2048.jpeg 2048w\" sizes=\"(max-width: 800px) 100vw, 800px\" \/>\t\t\t\t\t\t\t\t\t\t\t\t\t\t\t<\/div>\n\t\t\t\t<\/div>\n\t\t\t\t<div class=\"elementor-element elementor-element-2403697 elementor-align-right elementor-widget__width-auto elementor-fixed elementor-hidden-mobile elementor-widget elementor-widget-button\" data-id=\"2403697\" data-element_type=\"widget\" data-settings=\"{&quot;_position&quot;:&quot;fixed&quot;}\" data-widget_type=\"button.default\">\n\t\t\t\t<div class=\"elementor-widget-container\">\n\t\t\t\t\t\t\t\t\t<div class=\"elementor-button-wrapper\">\n\t\t\t\t\t<a class=\"elementor-button elementor-button-link elementor-size-sm\" href=\"https:\/\/bonici-sculpture.com\/index.php\/nortman\/\">\n\t\t\t\t\t\t<span class=\"elementor-button-content-wrapper\">\n\t\t\t\t\t\t\t\t\t<span class=\"elementor-button-text\">Oeuvre  suivante &gt;<\/span>\n\t\t\t\t\t<\/span>\n\t\t\t\t\t<\/a>\n\t\t\t\t<\/div>\n\t\t\t\t\t\t\t\t<\/div>\n\t\t\t\t<\/div>\n\t\t\t\t<div class=\"elementor-element elementor-element-653b413 elementor-widget__width-auto elementor-fixed elementor-hidden-mobile elementor-widget elementor-widget-button\" data-id=\"653b413\" data-element_type=\"widget\" data-settings=\"{&quot;_position&quot;:&quot;fixed&quot;}\" data-widget_type=\"button.default\">\n\t\t\t\t<div class=\"elementor-widget-container\">\n\t\t\t\t\t\t\t\t\t<div class=\"elementor-button-wrapper\">\n\t\t\t\t\t<a class=\"elementor-button elementor-button-link elementor-size-sm\" href=\"https:\/\/bonici-sculpture.com\/index.php\/trois-anciens\/\">\n\t\t\t\t\t\t<span class=\"elementor-button-content-wrapper\">\n\t\t\t\t\t\t\t\t\t<span class=\"elementor-button-text\">&lt; Oeuvre pr\u00e9c\u00e9dente<\/span>\n\t\t\t\t\t<\/span>\n\t\t\t\t\t<\/a>\n\t\t\t\t<\/div>\n\t\t\t\t\t\t\t\t<\/div>\n\t\t\t\t<\/div>\n\t\t\t\t\t<\/div>\n\t\t<\/div>\n\t\t\t\t\t<\/div>\n\t\t<\/section>\n\t\t\t\t<section class=\"elementor-section elementor-top-section elementor-element elementor-element-c3504bb elementor-section-boxed elementor-section-height-default elementor-section-height-default\" data-id=\"c3504bb\" data-element_type=\"section\">\n\t\t\t\t\t\t<div class=\"elementor-container elementor-column-gap-default\">\n\t\t\t\t\t<div class=\"elementor-column elementor-col-100 elementor-top-column elementor-element elementor-element-528c088\" data-id=\"528c088\" data-element_type=\"column\">\n\t\t\t<div class=\"elementor-widget-wrap elementor-element-populated\">\n\t\t\t\t\t\t<div class=\"elementor-element elementor-element-9defe52 e-transform elementor-widget elementor-widget-image\" data-id=\"9defe52\" data-element_type=\"widget\" data-settings=\"{&quot;_transform_scale_effect&quot;:{&quot;unit&quot;:&quot;px&quot;,&quot;size&quot;:1.1,&quot;sizes&quot;:[]},&quot;_transform_scale_effect_mobile&quot;:{&quot;unit&quot;:&quot;px&quot;,&quot;size&quot;:1.1,&quot;sizes&quot;:[]},&quot;_transform_scale_effect_tablet&quot;:{&quot;unit&quot;:&quot;px&quot;,&quot;size&quot;:&quot;&quot;,&quot;sizes&quot;:[]}}\" data-widget_type=\"image.default\">\n\t\t\t\t<div class=\"elementor-widget-container\">\n\t\t\t\t\t\t\t\t\t\t\t\t\t\t\t<img decoding=\"async\" width=\"800\" height=\"800\" src=\"https:\/\/bonici-sculpture.com\/wp-content\/uploads\/2023\/08\/Magistrat-2-1024x1024.jpeg\" class=\"attachment-large size-large wp-image-314\" alt=\"\" srcset=\"https:\/\/bonici-sculpture.com\/wp-content\/uploads\/2023\/08\/Magistrat-2-1024x1024.jpeg 1024w, https:\/\/bonici-sculpture.com\/wp-content\/uploads\/2023\/08\/Magistrat-2-300x300.jpeg 300w, https:\/\/bonici-sculpture.com\/wp-content\/uploads\/2023\/08\/Magistrat-2-150x150.jpeg 150w, https:\/\/bonici-sculpture.com\/wp-content\/uploads\/2023\/08\/Magistrat-2-768x768.jpeg 768w, https:\/\/bonici-sculpture.com\/wp-content\/uploads\/2023\/08\/Magistrat-2-1536x1536.jpeg 1536w, https:\/\/bonici-sculpture.com\/wp-content\/uploads\/2023\/08\/Magistrat-2.jpeg 1773w\" sizes=\"(max-width: 800px) 100vw, 800px\" \/>\t\t\t\t\t\t\t\t\t\t\t\t\t\t\t<\/div>\n\t\t\t\t<\/div>\n\t\t\t\t\t<\/div>\n\t\t<\/div>\n\t\t\t\t\t<\/div>\n\t\t<\/section>\n\t\t\t\t<section class=\"elementor-section elementor-top-section elementor-element elementor-element-9ac5fb7 elementor-section-boxed elementor-section-height-default elementor-section-height-default\" data-id=\"9ac5fb7\" data-element_type=\"section\">\n\t\t\t\t\t\t<div class=\"elementor-container elementor-column-gap-default\">\n\t\t\t\t\t<div class=\"elementor-column elementor-col-100 elementor-top-column elementor-element elementor-element-dd9cccf\" data-id=\"dd9cccf\" data-element_type=\"column\">\n\t\t\t<div class=\"elementor-widget-wrap elementor-element-populated\">\n\t\t\t\t\t\t<div class=\"elementor-element elementor-element-081d9fd e-transform elementor-widget elementor-widget-image\" data-id=\"081d9fd\" data-element_type=\"widget\" data-settings=\"{&quot;_transform_scale_effect&quot;:{&quot;unit&quot;:&quot;px&quot;,&quot;size&quot;:1.1,&quot;sizes&quot;:[]},&quot;_transform_scale_effect_mobile&quot;:{&quot;unit&quot;:&quot;px&quot;,&quot;size&quot;:1.3,&quot;sizes&quot;:[]},&quot;_transform_scale_effect_tablet&quot;:{&quot;unit&quot;:&quot;px&quot;,&quot;size&quot;:&quot;&quot;,&quot;sizes&quot;:[]}}\" data-widget_type=\"image.default\">\n\t\t\t\t<div class=\"elementor-widget-container\">\n\t\t\t\t\t\t\t\t\t\t\t\t\t\t\t<img decoding=\"async\" width=\"768\" height=\"1024\" src=\"https:\/\/bonici-sculpture.com\/wp-content\/uploads\/2023\/08\/Magistrat-4.jpeg\" class=\"attachment-large size-large wp-image-313\" alt=\"\" srcset=\"https:\/\/bonici-sculpture.com\/wp-content\/uploads\/2023\/08\/Magistrat-4.jpeg 768w, https:\/\/bonici-sculpture.com\/wp-content\/uploads\/2023\/08\/Magistrat-4-225x300.jpeg 225w\" sizes=\"(max-width: 768px) 100vw, 768px\" \/>\t\t\t\t\t\t\t\t\t\t\t\t\t\t\t<\/div>\n\t\t\t\t<\/div>\n\t\t\t\t\t<\/div>\n\t\t<\/div>\n\t\t\t\t\t<\/div>\n\t\t<\/section>\n\t\t\t\t<section class=\"elementor-section elementor-top-section elementor-element elementor-element-8cc390f elementor-section-boxed elementor-section-height-default elementor-section-height-default\" data-id=\"8cc390f\" data-element_type=\"section\">\n\t\t\t\t\t\t<div class=\"elementor-container elementor-column-gap-default\">\n\t\t\t\t\t<div class=\"elementor-column elementor-col-100 elementor-top-column elementor-element elementor-element-7c5a77f\" data-id=\"7c5a77f\" data-element_type=\"column\">\n\t\t\t<div class=\"elementor-widget-wrap\">\n\t\t\t\t\t\t\t<\/div>\n\t\t<\/div>\n\t\t\t\t\t<\/div>\n\t\t<\/section>\n\t\t\t\t<section class=\"elementor-section elementor-top-section elementor-element elementor-element-563328f elementor-section-boxed elementor-section-height-default elementor-section-height-default\" data-id=\"563328f\" data-element_type=\"section\">\n\t\t\t\t\t\t<div class=\"elementor-container elementor-column-gap-default\">\n\t\t\t\t\t<div class=\"elementor-column elementor-col-100 elementor-top-column elementor-element elementor-element-dd38127\" data-id=\"dd38127\" data-element_type=\"column\">\n\t\t\t<div class=\"elementor-widget-wrap elementor-element-populated\">\n\t\t\t\t\t\t<div class=\"elementor-element elementor-element-5299a91 e-transform elementor-widget elementor-widget-image\" data-id=\"5299a91\" data-element_type=\"widget\" data-settings=\"{&quot;_transform_scale_effect&quot;:{&quot;unit&quot;:&quot;px&quot;,&quot;size&quot;:2,&quot;sizes&quot;:[]},&quot;_transform_scale_effect_mobile&quot;:{&quot;unit&quot;:&quot;px&quot;,&quot;size&quot;:1.1,&quot;sizes&quot;:[]},&quot;_transform_scale_effect_tablet&quot;:{&quot;unit&quot;:&quot;px&quot;,&quot;size&quot;:&quot;&quot;,&quot;sizes&quot;:[]}}\" data-widget_type=\"image.default\">\n\t\t\t\t<div class=\"elementor-widget-container\">\n\t\t\t\t\t\t\t\t\t\t\t\t\t\t\t<img loading=\"lazy\" decoding=\"async\" width=\"426\" height=\"426\" src=\"https:\/\/bonici-sculpture.com\/wp-content\/uploads\/2023\/08\/Magistrat-3.jpeg\" class=\"attachment-large size-large wp-image-963\" alt=\"\" srcset=\"https:\/\/bonici-sculpture.com\/wp-content\/uploads\/2023\/08\/Magistrat-3.jpeg 426w, https:\/\/bonici-sculpture.com\/wp-content\/uploads\/2023\/08\/Magistrat-3-300x300.jpeg 300w, https:\/\/bonici-sculpture.com\/wp-content\/uploads\/2023\/08\/Magistrat-3-150x150.jpeg 150w\" sizes=\"(max-width: 426px) 100vw, 426px\" \/>\t\t\t\t\t\t\t\t\t\t\t\t\t\t\t<\/div>\n\t\t\t\t<\/div>\n\t\t\t\t\t<\/div>\n\t\t<\/div>\n\t\t\t\t\t<\/div>\n\t\t<\/section>\n\t\t\t\t<section class=\"elementor-section elementor-top-section elementor-element elementor-element-28e198b elementor-section-boxed elementor-section-height-default elementor-section-height-default\" data-id=\"28e198b\" data-element_type=\"section\">\n\t\t\t\t\t\t<div class=\"elementor-container elementor-column-gap-default\">\n\t\t\t\t\t<div class=\"elementor-column elementor-col-100 elementor-top-column elementor-element elementor-element-6987afb\" data-id=\"6987afb\" data-element_type=\"column\">\n\t\t\t<div class=\"elementor-widget-wrap\">\n\t\t\t\t\t\t\t<\/div>\n\t\t<\/div>\n\t\t\t\t\t<\/div>\n\t\t<\/section>\n\t\t\t\t<section class=\"elementor-section elementor-top-section elementor-element elementor-element-2f0d884 elementor-section-boxed elementor-section-height-default elementor-section-height-default\" data-id=\"2f0d884\" data-element_type=\"section\">\n\t\t\t\t\t\t<div class=\"elementor-container elementor-column-gap-default\">\n\t\t\t\t\t<div class=\"elementor-column elementor-col-100 elementor-top-column elementor-element elementor-element-87a4897\" data-id=\"87a4897\" data-element_type=\"column\">\n\t\t\t<div class=\"elementor-widget-wrap elementor-element-populated\">\n\t\t\t\t\t\t<div class=\"elementor-element elementor-element-99700f6 elementor-fixed e-transform elementor-widget elementor-widget-image\" data-id=\"99700f6\" data-element_type=\"widget\" data-settings=\"{&quot;_position&quot;:&quot;fixed&quot;,&quot;_transform_scale_effect_mobile&quot;:{&quot;unit&quot;:&quot;px&quot;,&quot;size&quot;:0.6,&quot;sizes&quot;:[]},&quot;_transform_scale_effect&quot;:{&quot;unit&quot;:&quot;px&quot;,&quot;size&quot;:&quot;&quot;,&quot;sizes&quot;:[]},&quot;_transform_scale_effect_tablet&quot;:{&quot;unit&quot;:&quot;px&quot;,&quot;size&quot;:&quot;&quot;,&quot;sizes&quot;:[]}}\" data-widget_type=\"image.default\">\n\t\t\t\t<div class=\"elementor-widget-container\">\n\t\t\t\t\t\t\t\t\t\t\t\t\t\t\t<img loading=\"lazy\" decoding=\"async\" width=\"300\" height=\"153\" src=\"https:\/\/bonici-sculpture.com\/wp-content\/uploads\/2023\/08\/output-onlinepngtools-300x153.png\" class=\"attachment-medium size-medium wp-image-357\" alt=\"\" srcset=\"https:\/\/bonici-sculpture.com\/wp-content\/uploads\/2023\/08\/output-onlinepngtools-300x153.png 300w, https:\/\/bonici-sculpture.com\/wp-content\/uploads\/2023\/08\/output-onlinepngtools-1024x523.png 1024w, https:\/\/bonici-sculpture.com\/wp-content\/uploads\/2023\/08\/output-onlinepngtools-768x392.png 768w, https:\/\/bonici-sculpture.com\/wp-content\/uploads\/2023\/08\/output-onlinepngtools-1536x784.png 1536w, https:\/\/bonici-sculpture.com\/wp-content\/uploads\/2023\/08\/output-onlinepngtools-2048x1046.png 2048w\" sizes=\"(max-width: 300px) 100vw, 300px\" \/>\t\t\t\t\t\t\t\t\t\t\t\t\t\t\t<\/div>\n\t\t\t\t<\/div>\n\t\t\t\t\t<\/div>\n\t\t<\/div>\n\t\t\t\t\t<\/div>\n\t\t<\/section>\n\t\t\t\t<section class=\"elementor-section elementor-top-section elementor-element elementor-element-c05815a elementor-section-boxed elementor-section-height-default elementor-section-height-default\" data-id=\"c05815a\" data-element_type=\"section\">\n\t\t\t\t\t\t<div class=\"elementor-container elementor-column-gap-default\">\n\t\t\t\t\t<div class=\"elementor-column elementor-col-100 elementor-top-column elementor-element elementor-element-0ce5241\" data-id=\"0ce5241\" data-element_type=\"column\">\n\t\t\t<div class=\"elementor-widget-wrap elementor-element-populated\">\n\t\t\t\t\t\t<div class=\"elementor-element elementor-element-96d86ea elementor-widget-mobile__width-auto elementor-hidden-desktop elementor-hidden-tablet elementor-widget elementor-widget-button\" data-id=\"96d86ea\" data-element_type=\"widget\" data-widget_type=\"button.default\">\n\t\t\t\t<div class=\"elementor-widget-container\">\n\t\t\t\t\t\t\t\t\t<div class=\"elementor-button-wrapper\">\n\t\t\t\t\t<a class=\"elementor-button elementor-button-link elementor-size-sm\" href=\"https:\/\/bonici-sculpture.com\/index.php\/trois-anciens\/\">\n\t\t\t\t\t\t<span class=\"elementor-button-content-wrapper\">\n\t\t\t\t\t\t\t\t\t<span class=\"elementor-button-text\">&lt; Pr\u00e9c\u00e9dent<\/span>\n\t\t\t\t\t<\/span>\n\t\t\t\t\t<\/a>\n\t\t\t\t<\/div>\n\t\t\t\t\t\t\t\t<\/div>\n\t\t\t\t<\/div>\n\t\t\t\t<div class=\"elementor-element elementor-element-9225b39 elementor-widget-mobile__width-auto elementor-hidden-desktop elementor-hidden-tablet elementor-widget elementor-widget-button\" data-id=\"9225b39\" data-element_type=\"widget\" data-widget_type=\"button.default\">\n\t\t\t\t<div class=\"elementor-widget-container\">\n\t\t\t\t\t\t\t\t\t<div class=\"elementor-button-wrapper\">\n\t\t\t\t\t<a class=\"elementor-button elementor-button-link elementor-size-sm\" href=\"https:\/\/bonici-sculpture.com\/index.php\/nortman\/\">\n\t\t\t\t\t\t<span class=\"elementor-button-content-wrapper\">\n\t\t\t\t\t\t\t\t\t<span class=\"elementor-button-text\">    Suivant  &gt;       <\/span>\n\t\t\t\t\t<\/span>\n\t\t\t\t\t<\/a>\n\t\t\t\t<\/div>\n\t\t\t\t\t\t\t\t<\/div>\n\t\t\t\t<\/div>\n\t\t\t\t\t<\/div>\n\t\t<\/div>\n\t\t\t\t\t<\/div>\n\t\t<\/section>\n\t\t\t\t<\/div>\n\t\t","protected":false},"excerpt":{"rendered":"<p>X \u00a0 Magistrat \u00a0 \u00a030 X 23 X 18 cm \u00a0Buste Bronze 2021 \u00a0 \u00a08 P.O. 4 E.A. Oeuvre suivante > < Oeuvre pr\u00e9c\u00e9dente < Pr\u00e9c\u00e9dent Suivant ><\/p>\n","protected":false},"author":1,"featured_media":0,"parent":0,"menu_order":0,"comment_status":"closed","ping_status":"closed","template":"elementor_canvas","meta":{"_eb_attr":"","footnotes":""},"class_list":["post-57","page","type-page","status-publish","hentry"],"_links":{"self":[{"href":"https:\/\/bonici-sculpture.com\/index.php\/wp-json\/wp\/v2\/pages\/57","targetHints":{"allow":["GET"]}}],"collection":[{"href":"https:\/\/bonici-sculpture.com\/index.php\/wp-json\/wp\/v2\/pages"}],"about":[{"href":"https:\/\/bonici-sculpture.com\/index.php\/wp-json\/wp\/v2\/types\/page"}],"author":[{"embeddable":true,"href":"https:\/\/bonici-sculpture.com\/index.php\/wp-json\/wp\/v2\/users\/1"}],"replies":[{"embeddable":true,"href":"https:\/\/bonici-sculpture.com\/index.php\/wp-json\/wp\/v2\/comments?post=57"}],"version-history":[{"count":82,"href":"https:\/\/bonici-sculpture.com\/index.php\/wp-json\/wp\/v2\/pages\/57\/revisions"}],"predecessor-version":[{"id":2298,"href":"https:\/\/bonici-sculpture.com\/index.php\/wp-json\/wp\/v2\/pages\/57\/revisions\/2298"}],"wp:attachment":[{"href":"https:\/\/bonici-sculpture.com\/index.php\/wp-json\/wp\/v2\/media?parent=57"}],"curies":[{"name":"wp","href":"https:\/\/api.w.org\/{rel}","templated":true}]}}